{"id":10064,"date":"2023-05-17T13:41:27","date_gmt":"2023-05-17T13:41:27","guid":{"rendered":"https:\/\/fthm.uniri.hr\/?page_id=10064"},"modified":"2023-05-17T13:41:29","modified_gmt":"2023-05-17T13:41:29","slug":"news","status":"publish","type":"page","link":"https:\/\/fthm.uniri.hr\/en\/research\/eu-projects\/news\/","title":{"rendered":"News"},"content":{"rendered":"\n<div class=\"wp-block-query UNIRI-query-loop-block is-layout-flow wp-block-query-is-layout-flow\"><ul class=\"wp-block-post-template is-layout-flow wp-block-post-template-is-layout-flow\"><li class=\"wp-block-post post-37271 post type-post status-publish format-standard hentry category-eu-projects category-faculty\">\n<div class=\"wp-block-post-date\"><time datetime=\"2026-04-30T13:01:44+02:00\">30\/04\/2026<\/time><\/div>\n\n<h2 class=\"wp-block-post-title\"><a href=\"https:\/\/fthm.uniri.hr\/en\/youth-engagement-event-good-aquafood-campaign-marinet\/\" target=\"_self\" >Youth Engagement Event \u2013 Good AquaFood campaign (MARINET)<\/a><\/h2>\n\n<div class=\"wp-block-post-excerpt\"><p class=\"wp-block-post-excerpt__excerpt\">As part of the Good Aquafood campaign, implemented within the MARINET project, an educational workshop titled \u201cWhat do you know about aquaculture?\u201d was held on April 27, 2026. The workshop was organized as part of a youth engagement event, with the aim of raising awareness about the importance of aquaculture and educating participants on its&hellip;<\/p><p class=\"wp-block-post-excerpt__more-text\"><a class=\"wp-block-post-excerpt__more-link\" href=\"https:\/\/fthm.uniri.hr\/en\/youth-engagement-event-good-aquafood-campaign-marinet\/\">Pro\u010ditaj vi\u0161e<\/a><\/p><\/div>\n<\/li><li class=\"wp-block-post post-37132 post type-post status-publish format-standard hentry category-eu-projects category-faculty\">\n<div class=\"wp-block-post-date\"><time datetime=\"2026-04-27T11:52:22+02:00\">27\/04\/2026<\/time><\/div>\n\n<h2 class=\"wp-block-post-title\"><a href=\"https:\/\/fthm.uniri.hr\/en\/horizon-crocus-project-wp6-wp7-workshop-and-consortium-meeting\/\" target=\"_self\" >HORIZON CROCUS Project: WP6 &amp; WP7 Workshop and Consortium Meeting<\/a><\/h2>\n\n<div class=\"wp-block-post-excerpt\"><p class=\"wp-block-post-excerpt__excerpt\">From 22 to 24 April 2026, the CROCUS consortium gathered for its annual meeting, hosted by the Faculty of Tourism and Hospitality Management. The event brought together partners from 9 countries and combined the WP6 and WP7 workshops with the Consortium Meeting, providing an important opportunity for collaboration, knowledge exchange, and strategic planning. As the&hellip;<\/p><p class=\"wp-block-post-excerpt__more-text\"><a class=\"wp-block-post-excerpt__more-link\" href=\"https:\/\/fthm.uniri.hr\/en\/horizon-crocus-project-wp6-wp7-workshop-and-consortium-meeting\/\">Pro\u010ditaj vi\u0161e<\/a><\/p><\/div>\n<\/li><li class=\"wp-block-post post-36841 post type-post status-publish format-standard has-post-thumbnail hentry category-eu-projects category-faculty\">\n<div class=\"wp-block-post-date\"><time datetime=\"2026-04-17T10:00:00+02:00\">17\/04\/2026<\/time><\/div>\n\n<h2 class=\"wp-block-post-title\"><a href=\"https:\/\/fthm.uniri.hr\/en\/site-project-presented-at-the-faculty-of-economics-and-tourism-dr-mijo-mirkovic\/\" target=\"_self\" >SITE Project presented at the Faculty of Economics and Tourism &#8220;Dr. Mijo Mirkovi\u0107&#8221;<\/a><\/h2>\n\n<div class=\"wp-block-post-excerpt\"><p class=\"wp-block-post-excerpt__excerpt\">With the aim of promoting the SITE project to the academic community and strengthening inter-institutional cooperation, a meeting was held at the Faculty of Economics and Tourism &#8220;Dr. Mijo Mirkovi\u0107&#8221; of the University of Pula between the SITE project manager for FMTU, assoc. prof. dr. sc. Jelena \u0110urkin Badurina and doc. dr. dc. Roberta Konto\u0161i\u0107&hellip;<\/p><p class=\"wp-block-post-excerpt__more-text\"><a class=\"wp-block-post-excerpt__more-link\" href=\"https:\/\/fthm.uniri.hr\/en\/site-project-presented-at-the-faculty-of-economics-and-tourism-dr-mijo-mirkovic\/\">Pro\u010ditaj vi\u0161e<\/a><\/p><\/div>\n<\/li><li class=\"wp-block-post post-36769 post type-post status-publish format-standard hentry category-eu-projects category-faculty\">\n<div class=\"wp-block-post-date\"><time datetime=\"2026-04-16T10:08:31+02:00\">16\/04\/2026<\/time><\/div>\n\n<h2 class=\"wp-block-post-title\"><a href=\"https:\/\/fthm.uniri.hr\/en\/prezentacija-rezultata-analize-turistickih-kretanja-u-primorsko-goranskoj-zupaniji\/\" target=\"_self\" >Prezentacija rezultata analize turisti\u010dkih kretanja u Primorsko-goranskoj \u017eupaniji<\/a><\/h2>\n\n<div class=\"wp-block-post-excerpt\"><p class=\"wp-block-post-excerpt__excerpt\">U petak, 10. travnja 2026. godine, na Fakultetu za menad\u017ement u turizmu i ugostiteljstvu odr\u017eana je prezentacija rezultata analize turisti\u010dkih kretanja u Primorsko-goranskoj \u017eupaniji, koju je predstavio prof. dr. sc. Davor Horvati\u0107 s Prirodoslovno-matemati\u010dkog fakulteta Sveu\u010dili\u0161ta u Zagrebu. Tijekom prezentacije prikazani su konkretni primjeri analiza izra\u0111enih za turisti\u010dke zajednice, a na temelju prikupljenih podataka razvijeni&hellip;<\/p><p class=\"wp-block-post-excerpt__more-text\"><a class=\"wp-block-post-excerpt__more-link\" href=\"https:\/\/fthm.uniri.hr\/en\/prezentacija-rezultata-analize-turistickih-kretanja-u-primorsko-goranskoj-zupaniji\/\">Pro\u010ditaj vi\u0161e<\/a><\/p><\/div>\n<\/li><li class=\"wp-block-post post-36530 post type-post status-publish format-standard has-post-thumbnail hentry category-eu-projects category-faculty\">\n<div class=\"wp-block-post-date\"><time datetime=\"2026-04-14T12:02:17+02:00\">14\/04\/2026<\/time><\/div>\n\n<h2 class=\"wp-block-post-title\"><a href=\"https:\/\/fthm.uniri.hr\/en\/radio-appearance-within-the-good-aquafood-campaign-marinet-project\/\" target=\"_self\" >Radio appearance within the Good AquaFood campaign (MARINET project)<\/a><\/h2>\n\n<div class=\"wp-block-post-excerpt\"><p class=\"wp-block-post-excerpt__excerpt\">As part of the Good Aquafood campaign, which is carried out within the MARINET project, Prof. Greta Kre\u0161i\u0107, PhD, and Jelena Kape\u0161 participated on April 10, 2026, on HR2 in the show \u201eFace s placa\u201c. During the radio appearance, the Good Aquafood campaign was presented, with particular emphasis on its development and the consumer needs&hellip;<\/p><p class=\"wp-block-post-excerpt__more-text\"><a class=\"wp-block-post-excerpt__more-link\" href=\"https:\/\/fthm.uniri.hr\/en\/radio-appearance-within-the-good-aquafood-campaign-marinet-project\/\">Pro\u010ditaj vi\u0161e<\/a><\/p><\/div>\n<\/li><li class=\"wp-block-post post-36442 post type-post status-publish format-standard hentry category-eu-projects category-faculty\">\n<div class=\"wp-block-post-date\"><time datetime=\"2026-04-10T10:44:21+02:00\">10\/04\/2026<\/time><\/div>\n\n<h2 class=\"wp-block-post-title\"><a href=\"https:\/\/fthm.uniri.hr\/en\/second-crocus-project-workshop-held\/\" target=\"_self\" >Second CROCUS Project Workshop Held<\/a><\/h2>\n\n<div class=\"wp-block-post-excerpt\"><p class=\"wp-block-post-excerpt__excerpt\">On Tuesday, 7 April 2026, the second workshop within the CROCUS project, entitled &#8220;Feedback on Refinement Workshop&#8221;, was held at Dom na Vidmu in Ilirska Bistrica. The workshop brought together representatives from the business sector, cultural organisations, and the Tourist Board of Ilirska Bistrica. Building on the two ideas proposed at the first workshop \u2014&hellip;<\/p><p class=\"wp-block-post-excerpt__more-text\"><a class=\"wp-block-post-excerpt__more-link\" href=\"https:\/\/fthm.uniri.hr\/en\/second-crocus-project-workshop-held\/\">Pro\u010ditaj vi\u0161e<\/a><\/p><\/div>\n<\/li><\/ul>\n\n<nav class=\"wp-block-query-pagination is-layout-flex wp-block-query-pagination-is-layout-flex\" aria-label=\"Pagination\">\n\n\n<div class=\"wp-block-query-pagination-numbers\"><span aria-current=\"page\" class=\"page-numbers current\">1<\/span>\n<a class=\"page-numbers\" href=\"?query-9-page=2\">2<\/a>\n<a class=\"page-numbers\" href=\"?query-9-page=3\">3<\/a>\n<span class=\"page-numbers dots\">&hellip;<\/span>\n<a class=\"page-numbers\" href=\"?query-9-page=9\">9<\/a><\/div>\n\n<a href=\"\/en\/wp-json\/wp\/v2\/pages\/10064?query-9-page=2\" class=\"wp-block-query-pagination-next\">\u00bb<\/a>\n<\/nav><\/div>\n","protected":false},"excerpt":{"rendered":"","protected":false},"author":4,"featured_media":0,"parent":7915,"menu_order":1,"comment_status":"closed","ping_status":"closed","template":"","meta":{"_acf_changed":false,"ub_ctt_via":"","footnotes":""},"class_list":["post-10064","page","type-page","status-publish","hentry"],"acf":[],"featured_image_src":null,"_links":{"self":[{"href":"https:\/\/fthm.uniri.hr\/en\/wp-json\/wp\/v2\/pages\/10064","targetHints":{"allow":["GET"]}}],"collection":[{"href":"https:\/\/fthm.uniri.hr\/en\/wp-json\/wp\/v2\/pages"}],"about":[{"href":"https:\/\/fthm.uniri.hr\/en\/wp-json\/wp\/v2\/types\/page"}],"author":[{"embeddable":true,"href":"https:\/\/fthm.uniri.hr\/en\/wp-json\/wp\/v2\/users\/4"}],"replies":[{"embeddable":true,"href":"https:\/\/fthm.uniri.hr\/en\/wp-json\/wp\/v2\/comments?post=10064"}],"version-history":[{"count":1,"href":"https:\/\/fthm.uniri.hr\/en\/wp-json\/wp\/v2\/pages\/10064\/revisions"}],"predecessor-version":[{"id":10065,"href":"https:\/\/fthm.uniri.hr\/en\/wp-json\/wp\/v2\/pages\/10064\/revisions\/10065"}],"up":[{"embeddable":true,"href":"https:\/\/fthm.uniri.hr\/en\/wp-json\/wp\/v2\/pages\/7915"}],"wp:attachment":[{"href":"https:\/\/fthm.uniri.hr\/en\/wp-json\/wp\/v2\/media?parent=10064"}],"curies":[{"name":"wp","href":"https:\/\/api.w.org\/{rel}","templated":true}]}}