{"id":24067,"date":"2024-11-12T12:52:12","date_gmt":"2024-11-12T11:52:12","guid":{"rendered":"https:\/\/fthm.uniri.hr\/?page_id=24067"},"modified":"2024-11-12T12:52:13","modified_gmt":"2024-11-12T11:52:13","slug":"student-representatives","status":"publish","type":"page","link":"https:\/\/fthm.uniri.hr\/en\/life-at-fmtu\/student-council\/student-representatives\/","title":{"rendered":"Student representatives"},"content":{"rendered":"\n<ol class=\"wp-block-list\">\n<li><strong>Zoia Dimi\u0107<\/strong>, President, Head of the Events Office\n<ul class=\"wp-block-list\">\n<li>Contact: ps25922@fthm.hr, szbor@fthm.hr<\/li>\n<\/ul>\n<\/li>\n\n\n\n<li><strong>Antea Ferizovi\u0107<\/strong>, Vice President, Representative of the fourth year of undergraduate university studies, Head of the Marketing Office\n<ul class=\"wp-block-list\">\n<li>Contact: ps25583@fthm.hr<\/li>\n<\/ul>\n<\/li>\n\n\n\n<li><strong>Dominik Antolovi\u0107<\/strong>, Representative of the third year of undergraduate university studies, Head of the Sports Office\n<ul class=\"wp-block-list\">\n<li>Contact: ps25856@fthm.hr<\/li>\n<\/ul>\n<\/li>\n\n\n\n<li><strong>Dora Fligi\u0107<\/strong>, Student Ombudsman, Head of the Volunteering Office\n<ul class=\"wp-block-list\">\n<li>Contact: ps26395@fthm.hr; studentski.pravobranitelj@fthm.hr<\/li>\n<\/ul>\n<\/li>\n\n\n\n<li><strong>Jelena Kelava<\/strong>, Representative of the first year of undergraduate university studies, Head of the Marketing Office\n<ul class=\"wp-block-list\">\n<li>Contact: ps26400@fthm.hr<\/li>\n<\/ul>\n<\/li>\n\n\n\n<li><strong>Korina Novak<\/strong>, Representative of the second year of undergraduate university studies, Head of the Events Office\n<ul class=\"wp-block-list\">\n<li>Contact: ps26435@fthm.hr<\/li>\n<\/ul>\n<\/li>\n\n\n\n<li><strong>Ivona Ternjei<\/strong>, Representative of the fourth year of undergraduate university studies\n<ul class=\"wp-block-list\">\n<li>Contact: ps25200@fthm.hr<\/li>\n<\/ul>\n<\/li>\n\n\n\n<li><strong>Ian Cve\u010di\u0107<\/strong>, Secretary of the Student Union, Representative of the first year of graduate university studies\n<ul class=\"wp-block-list\">\n<li>Contact: ps25564@fthm.hr<\/li>\n<\/ul>\n<\/li>\n\n\n\n<li><strong>Jelena Kape\u0161<\/strong>, Representative of PhD students<\/li>\n\n\n\n<li><strong>Nikolina \u0160eri\u0107 Honovi\u0107<\/strong>, Representative of PhD students<\/li>\n<\/ol>\n","protected":false},"excerpt":{"rendered":"","protected":false},"author":11,"featured_media":0,"parent":7893,"menu_order":0,"comment_status":"closed","ping_status":"closed","template":"","meta":{"_acf_changed":false,"ub_ctt_via":"","footnotes":""},"class_list":["post-24067","page","type-page","status-publish","hentry"],"acf":[],"featured_image_src":null,"_links":{"self":[{"href":"https:\/\/fthm.uniri.hr\/en\/wp-json\/wp\/v2\/pages\/24067","targetHints":{"allow":["GET"]}}],"collection":[{"href":"https:\/\/fthm.uniri.hr\/en\/wp-json\/wp\/v2\/pages"}],"about":[{"href":"https:\/\/fthm.uniri.hr\/en\/wp-json\/wp\/v2\/types\/page"}],"author":[{"embeddable":true,"href":"https:\/\/fthm.uniri.hr\/en\/wp-json\/wp\/v2\/users\/11"}],"replies":[{"embeddable":true,"href":"https:\/\/fthm.uniri.hr\/en\/wp-json\/wp\/v2\/comments?post=24067"}],"version-history":[{"count":1,"href":"https:\/\/fthm.uniri.hr\/en\/wp-json\/wp\/v2\/pages\/24067\/revisions"}],"predecessor-version":[{"id":24068,"href":"https:\/\/fthm.uniri.hr\/en\/wp-json\/wp\/v2\/pages\/24067\/revisions\/24068"}],"up":[{"embeddable":true,"href":"https:\/\/fthm.uniri.hr\/en\/wp-json\/wp\/v2\/pages\/7893"}],"wp:attachment":[{"href":"https:\/\/fthm.uniri.hr\/en\/wp-json\/wp\/v2\/media?parent=24067"}],"curies":[{"name":"wp","href":"https:\/\/api.w.org\/{rel}","templated":true}]}}