{"id":26207,"date":"2025-02-07T10:12:29","date_gmt":"2025-02-07T09:12:29","guid":{"rendered":"https:\/\/fthm.uniri.hr\/?page_id=26207"},"modified":"2025-02-07T10:18:04","modified_gmt":"2025-02-07T09:18:04","slug":"external-associates","status":"publish","type":"page","link":"https:\/\/fthm.uniri.hr\/en\/about\/contacts\/external-associates\/","title":{"rendered":"External Associates"},"content":{"rendered":"\n<figure class=\"wp-block-table\"><table class=\"has-fixed-layout\"><tbody><tr><td><strong>Vanjski suradnik<\/strong><\/td><td><strong>Kontakt<\/strong><\/td><td><strong>Kolegij<\/strong><\/td><\/tr><tr><td>\u010ceh \u010casni Anita<\/td><td><a href=\"mailto:aceh@efzg.hr\">aceh@efzg.hr<\/a><\/td><td>Statistics<\/td><\/tr><tr><td>\u0106ori\u0107 Bruno<\/td><td><a href=\"mailto:bcoric@efst.hr\">bcoric@efst.hr<\/a><\/td><td>Macroeconomics<\/td><\/tr><tr><td>Pavlakovi\u010d Farrell Barbara<\/td><td><a href=\"mailto:barbara.pavlakovic@um.si\">barbara.pavlakovic@um.si<\/a><\/td><td>Special Interest Tourism<\/td><\/tr><tr><td>Kralj Anna<\/td><td><a href=\"mailto:a.kralj@griffith.edu.au\">a.kralj@griffith.edu.au<\/a><\/td><td>Accoounting<\/td><\/tr><tr><td>Dwyer Larry<\/td><td><a href=\"mailto:Larry.Dwyer@uts.edu.au\">Larry.Dwyer@uts.edu.au<\/a><\/td><td>Tourism Economics<\/td><\/tr><tr><td>\u0160koki\u0107 Vlatka<\/td><td><a href=\"mailto:vlatka.skokic@efst.hr\">vlatka.skokic@efst.hr<\/a><\/td><td>Entrepreneurship and Innovation<\/td><\/tr><tr><td>Yoo-ri Kim<\/td><td><a href=\"mailto:yoori.kim@ucf.edu\">yoori.kim@ucf.edu<\/a><\/td><td>Entrepreneurship and Innovation<\/td><\/tr><tr><td>Ivanova Maya<\/td><td><a href=\"mailto:maya.ivanova@vum.bg\">maya.ivanova@vum.bg<\/a><\/td><td>E &#8211; Business in Hospitality<\/td><\/tr><tr><td>\u0160egota Tina<\/td><td><a href=\"mailto:tina.segota@um.si\">tina.segota@um.si<\/a><\/td><td>Marketing<\/td><\/tr><tr><td>Wise Nicholas<\/td><td><a href=\"mailto:Nick.Wise@asu.edu\">Nick.Wise@asu.edu<\/a><\/td><td>Tourism Geography<\/td><\/tr><tr><td>Ashraf Galai Mohamed Eid<\/td><td><a href=\"mailto:ashraf.eid@qu.edu.qa\">ashraf.eid@qu.edu.qa<\/a><\/td><td>Public Finance<\/td><\/tr><tr><td>Dragin Aleksandra<\/td><td><a href=\"mailto:sadragin@gmail.com\">sadragin@gmail.com<\/a><\/td><td>Tourism Destination Management<\/td><\/tr><tr><td>Paz Michael Thomas<\/td><td><a href=\"mailto:paz10@pnw.edu\">paz10@pnw.edu<\/a><\/td><td>Management Accounting<\/td><\/tr><tr><td>Mengtung Sun<\/td><td><a href=\"mailto:1773510137@qq.com\">1773510137@qq.com<\/a><\/td><td>Tre\u0107i strani jezik &#8211; Kineski 1<\/td><\/tr><tr><td>Yue Jiao<\/td><td><a href=\"mailto:986450176@qq.com\">986450176@qq.com<\/a><\/td><td>Tre\u0107i strani jezik &#8211; Kineski 2<\/td><\/tr><tr><td>\u010ca\u010di\u0107 Kenjeri\u0107 Daniela<\/td><td><a href=\"mailto:Daniela.Kenjeric@ptfos.hr\">Daniela.Kenjeric@ptfos.hr<\/a><\/td><td>Dietary Trends<\/td><\/tr><\/tbody><\/table><\/figure>\n","protected":false},"excerpt":{"rendered":"<p>Vanjski suradnik Kontakt Kolegij \u010ceh \u010casni Anita aceh@efzg.hr Statistics \u0106ori\u0107 Bruno bcoric@efst.hr Macroeconomics Pavlakovi\u010d Farrell Barbara barbara.pavlakovic@um.si Special Interest Tourism Kralj Anna a.kralj@griffith.edu.au Accoounting Dwyer Larry Larry.Dwyer@uts.edu.au Tourism Economics \u0160koki\u0107 Vlatka vlatka.skokic@efst.hr Entrepreneurship and Innovation Yoo-ri Kim yoori.kim@ucf.edu Entrepreneurship and Innovation Ivanova Maya maya.ivanova@vum.bg E &#8211; Business in Hospitality \u0160egota Tina tina.segota@um.si Marketing Wise Nicholas [&hellip;]<\/p>\n","protected":false},"author":4,"featured_media":0,"parent":26204,"menu_order":2,"comment_status":"closed","ping_status":"closed","template":"","meta":{"_acf_changed":false,"ub_ctt_via":"","footnotes":""},"class_list":["post-26207","page","type-page","status-publish","hentry"],"acf":[],"featured_image_src":null,"_links":{"self":[{"href":"https:\/\/fthm.uniri.hr\/en\/wp-json\/wp\/v2\/pages\/26207","targetHints":{"allow":["GET"]}}],"collection":[{"href":"https:\/\/fthm.uniri.hr\/en\/wp-json\/wp\/v2\/pages"}],"about":[{"href":"https:\/\/fthm.uniri.hr\/en\/wp-json\/wp\/v2\/types\/page"}],"author":[{"embeddable":true,"href":"https:\/\/fthm.uniri.hr\/en\/wp-json\/wp\/v2\/users\/4"}],"replies":[{"embeddable":true,"href":"https:\/\/fthm.uniri.hr\/en\/wp-json\/wp\/v2\/comments?post=26207"}],"version-history":[{"count":2,"href":"https:\/\/fthm.uniri.hr\/en\/wp-json\/wp\/v2\/pages\/26207\/revisions"}],"predecessor-version":[{"id":26211,"href":"https:\/\/fthm.uniri.hr\/en\/wp-json\/wp\/v2\/pages\/26207\/revisions\/26211"}],"up":[{"embeddable":true,"href":"https:\/\/fthm.uniri.hr\/en\/wp-json\/wp\/v2\/pages\/26204"}],"wp:attachment":[{"href":"https:\/\/fthm.uniri.hr\/en\/wp-json\/wp\/v2\/media?parent=26207"}],"curies":[{"name":"wp","href":"https:\/\/api.w.org\/{rel}","templated":true}]}}