{"id":7795,"date":"2023-04-05T13:12:42","date_gmt":"2023-04-05T13:12:42","guid":{"rendered":"https:\/\/fthm.uniri.hr\/?page_id=7795"},"modified":"2023-11-16T13:02:42","modified_gmt":"2023-11-16T12:02:42","slug":"student-mobility","status":"publish","type":"page","link":"https:\/\/fthm.uniri.hr\/en\/international-affairs\/student-mobility\/","title":{"rendered":"Mobility program"},"content":{"rendered":"\n<div class=\"wp-block-query UNIRI-query-loop-block is-layout-flow wp-block-query-is-layout-flow\"><ul class=\"wp-block-post-template is-layout-flow wp-block-post-template-is-layout-flow\"><li class=\"wp-block-post post-34699 post type-post status-publish format-standard has-post-thumbnail hentry category-faculty category-outbound-mobility\">\n<div class=\"wp-block-post-date\"><time datetime=\"2026-02-16T19:47:08+01:00\">16\/02\/2026<\/time><\/div>\n\n<h2 class=\"wp-block-post-title\"><a href=\"https:\/\/fthm.uniri.hr\/en\/orientation-session-summer-semester-2025-2026\/\" target=\"_self\" >Orientation Session \u2013 Summer Semester 2025\/2026<\/a><\/h2>\n\n<div class=\"wp-block-post-excerpt\"><p class=\"wp-block-post-excerpt__excerpt\">Today, our Faculty was filled with new energy, smiles, and that special international spirit we love so much.We officially welcomed 30 incoming students who have chosen to spend their summer semester mobility with us in the academic year 2025\/2026. They come from many partner universities across Europe and beyond \u2013 Spain, Finland, Romania, Germany, Poland,&hellip;<\/p><p class=\"wp-block-post-excerpt__more-text\"><a class=\"wp-block-post-excerpt__more-link\" href=\"https:\/\/fthm.uniri.hr\/en\/orientation-session-summer-semester-2025-2026\/\">Pro\u010ditaj vi\u0161e<\/a><\/p><\/div>\n<\/li><li class=\"wp-block-post post-30102 post type-post status-publish format-standard has-post-thumbnail hentry category-faculty category-inbound-mobility category-outbound-mobility\">\n<div class=\"wp-block-post-date\"><time datetime=\"2025-07-02T12:54:36+02:00\">02\/07\/2025<\/time><\/div>\n\n<h2 class=\"wp-block-post-title\"><a href=\"https:\/\/fthm.uniri.hr\/en\/blended-intensive-programme-bip-2025-boosting-students-employability-through-the-enhancement-of-soft-skills\/\" target=\"_self\" >Blended Intensive Programme (BIP) 2025 Boosting Students&#8217; Employability through the Enhancement of Soft Skills,<\/a><\/h2>\n\n<div class=\"wp-block-post-excerpt\"><p class=\"wp-block-post-excerpt__excerpt\">The Blended Intensive Programme (BIP) 2025 \ud83d\ude80 Boosting Students&#8217; Employability through the Enhancement of Soft Skills, organised by the Faculty of Tourism and Hospitality Management, University of Rijeka, under the direction of Prof. Kristina \u010crnjar and PhD Vedrana \u010cike\u0161 has been successfully completed. The programme focused on developing the key soft skills needed for a&hellip;<\/p><p class=\"wp-block-post-excerpt__more-text\"><a class=\"wp-block-post-excerpt__more-link\" href=\"https:\/\/fthm.uniri.hr\/en\/blended-intensive-programme-bip-2025-boosting-students-employability-through-the-enhancement-of-soft-skills\/\">Pro\u010ditaj vi\u0161e<\/a><\/p><\/div>\n<\/li><li class=\"wp-block-post post-9828 post type-post status-publish format-standard hentry category-faculty category-graduate-studies category-outbound-mobility category-undergraduate-studies\">\n<div class=\"wp-block-post-date\"><time datetime=\"2023-01-25T09:22:00+01:00\">25\/01\/2023<\/time><\/div>\n\n<h2 class=\"wp-block-post-title\"><a href=\"https:\/\/fthm.uniri.hr\/en\/announcement-of-taiwan-scholarship-2023-2\/\" target=\"_self\" >Announcement of Taiwan Scholarship 2023<\/a><\/h2>\n\n<div class=\"wp-block-post-excerpt\"><p class=\"wp-block-post-excerpt__excerpt\">The Education Division of the Taipei Economic and Cultural Office awards two scholarships for degree programs (Bachelor, Master, PhD) in Taiwan for Slovenian, Croatian and Austrian students every year. On the following link you can find more information and the announcement for the Taiwan Scholarship 2023.:\u00a0Taiwan Scholarship 2023 &#8211; Taipei Economic and Cultural Office in&hellip;<\/p><p class=\"wp-block-post-excerpt__more-text\"><a class=\"wp-block-post-excerpt__more-link\" href=\"https:\/\/fthm.uniri.hr\/en\/announcement-of-taiwan-scholarship-2023-2\/\">Pro\u010ditaj vi\u0161e<\/a><\/p><\/div>\n<\/li><li class=\"wp-block-post post-9834 post type-post status-publish format-standard hentry category-graduate-studies category-inbound-mobility category-undergraduate-studies\">\n<div class=\"wp-block-post-date\"><time datetime=\"2021-02-05T09:29:00+01:00\">05\/02\/2021<\/time><\/div>\n\n<h2 class=\"wp-block-post-title\"><a href=\"https:\/\/fthm.uniri.hr\/en\/6th-international-scientific-conference-tourism-in-southern-and-eastern-europe-and-phd-workshop-by-peter-mason\/\" target=\"_self\" >6th International Scientific Conference Tourism in Southern and Eastern Europe and PhD Workshop by Peter Mason<\/a><\/h2>\n\n<div class=\"wp-block-post-excerpt\"><p class=\"wp-block-post-excerpt__excerpt\">Dear colleagues, It is our pleasure to invite you to the\u00a06th\u00a0International Scientific Conference Tourism in Southern and Eastern Europe \u201eToSEE &#8211; Smart, Experience, Excellence &amp; ToFEEL &#8211; Feelings, Excitement, Education\u201c,\u00a0which will be held at the Faculty of Tourism and Hospitality Management Opatija, from 30th\u00a0June to 2nd\u00a0July 2021. Invitation &#8211;\u00a0Conference (details) Invitation \u2013 PhD Workshop (details)<\/p><p class=\"wp-block-post-excerpt__more-text\"><a class=\"wp-block-post-excerpt__more-link\" href=\"https:\/\/fthm.uniri.hr\/en\/6th-international-scientific-conference-tourism-in-southern-and-eastern-europe-and-phd-workshop-by-peter-mason\/\">Pro\u010ditaj vi\u0161e<\/a><\/p><\/div>\n<\/li><li class=\"wp-block-post post-9832 post type-post status-publish format-standard hentry category-graduate-studies category-inbound-mobility category-undergraduate-studies\">\n<div class=\"wp-block-post-date\"><time datetime=\"2020-01-12T09:28:00+01:00\">12\/01\/2020<\/time><\/div>\n\n<h2 class=\"wp-block-post-title\"><a href=\"https:\/\/fthm.uniri.hr\/en\/international-week-2020\/\" target=\"_self\" >International Week 2020<\/a><\/h2>\n\n<div class=\"wp-block-post-excerpt\"><p class=\"wp-block-post-excerpt__excerpt\">Dear colleagues, It is our pleasure to invite you to the&nbsp;International Week 2020&nbsp; hosted by the&nbsp;Faculty of Tourism and Hospitality Management,&nbsp;University or Rijeka&nbsp;which will take place&nbsp;from&nbsp;4th&nbsp;to 8th&nbsp;May 2020 in Opatija, Croatia.&nbsp; This event aims to bring together students, teaching and training staff from our faculty and partner institutions in order to strengthen international networks and&hellip;<\/p><p class=\"wp-block-post-excerpt__more-text\"><a class=\"wp-block-post-excerpt__more-link\" href=\"https:\/\/fthm.uniri.hr\/en\/international-week-2020\/\">Pro\u010ditaj vi\u0161e<\/a><\/p><\/div>\n<\/li><li class=\"wp-block-post post-9830 post type-post status-publish format-standard hentry category-graduate-studies category-inbound-mobility category-undergraduate-studies\">\n<div class=\"wp-block-post-date\"><time datetime=\"2019-12-16T09:26:00+01:00\">16\/12\/2019<\/time><\/div>\n\n<h2 class=\"wp-block-post-title\"><a href=\"https:\/\/fthm.uniri.hr\/en\/thi2020-international-congress-tourism-hospitality-industry-opatija-croatia\/\" target=\"_self\" >THI2020: International Congress Tourism &#038; Hospitality Industry, Opatija, Croatia<\/a><\/h2>\n\n<div class=\"wp-block-post-excerpt\"><p class=\"wp-block-post-excerpt__excerpt\">We are looking forward to welcoming scientists and researchers to the city of Opatija&nbsp;from May 4 &#8211; 6, 2020&nbsp;for the&nbsp;25th Biennial International Congress&nbsp;Tourism &amp; Hospitality Industry, hosted by&nbsp;The Faculty of Tourism and Hospitality Management in Opatija, University of Rijeka. THI2020 &#8211; call for papers<\/p><p class=\"wp-block-post-excerpt__more-text\"><a class=\"wp-block-post-excerpt__more-link\" href=\"https:\/\/fthm.uniri.hr\/en\/thi2020-international-congress-tourism-hospitality-industry-opatija-croatia\/\">Pro\u010ditaj vi\u0161e<\/a><\/p><\/div>\n<\/li><\/ul>\n\n<nav class=\"wp-block-query-pagination is-layout-flex wp-block-query-pagination-is-layout-flex\" aria-label=\"Pagination\">\n\n\n<div class=\"wp-block-query-pagination-numbers\"><span aria-current=\"page\" class=\"page-numbers current\">1<\/span>\n<a class=\"page-numbers\" href=\"?query-9-page=2\">2<\/a><\/div>\n\n<a href=\"\/en\/wp-json\/wp\/v2\/pages\/7795?query-9-page=2\" class=\"wp-block-query-pagination-next\">\u00bb<\/a>\n<\/nav><\/div>\n\n\n\n<p>Browse the <a href=\"https:\/\/arhiva.fthm.hr\/en\/international-affairs\/news#\" target=\"_blank\" rel=\"noreferrer noopener\">Archive<\/a> for older news.<\/p>\n","protected":false},"excerpt":{"rendered":"<p>Browse the Archive for older news.<\/p>\n","protected":false},"author":4,"featured_media":0,"parent":9538,"menu_order":1,"comment_status":"closed","ping_status":"closed","template":"","meta":{"_acf_changed":false,"ub_ctt_via":"","footnotes":""},"class_list":["post-7795","page","type-page","status-publish","hentry"],"acf":[],"featured_image_src":null,"_links":{"self":[{"href":"https:\/\/fthm.uniri.hr\/en\/wp-json\/wp\/v2\/pages\/7795","targetHints":{"allow":["GET"]}}],"collection":[{"href":"https:\/\/fthm.uniri.hr\/en\/wp-json\/wp\/v2\/pages"}],"about":[{"href":"https:\/\/fthm.uniri.hr\/en\/wp-json\/wp\/v2\/types\/page"}],"author":[{"embeddable":true,"href":"https:\/\/fthm.uniri.hr\/en\/wp-json\/wp\/v2\/users\/4"}],"replies":[{"embeddable":true,"href":"https:\/\/fthm.uniri.hr\/en\/wp-json\/wp\/v2\/comments?post=7795"}],"version-history":[{"count":4,"href":"https:\/\/fthm.uniri.hr\/en\/wp-json\/wp\/v2\/pages\/7795\/revisions"}],"predecessor-version":[{"id":14423,"href":"https:\/\/fthm.uniri.hr\/en\/wp-json\/wp\/v2\/pages\/7795\/revisions\/14423"}],"up":[{"embeddable":true,"href":"https:\/\/fthm.uniri.hr\/en\/wp-json\/wp\/v2\/pages\/9538"}],"wp:attachment":[{"href":"https:\/\/fthm.uniri.hr\/en\/wp-json\/wp\/v2\/media?parent=7795"}],"curies":[{"name":"wp","href":"https:\/\/api.w.org\/{rel}","templated":true}]}}