{"id":7815,"date":"2023-04-05T13:45:33","date_gmt":"2023-04-05T13:45:33","guid":{"rendered":"https:\/\/fthm.uniri.hr\/?page_id=7815"},"modified":"2025-05-07T17:03:38","modified_gmt":"2025-05-07T15:03:38","slug":"erasmus","status":"publish","type":"page","link":"https:\/\/fthm.uniri.hr\/en\/international-affairs\/student-mobility\/incoming-mobility\/staff\/erasmus\/","title":{"rendered":"Erasmus"},"content":{"rendered":"<div class=\"wp-block-ub-content-toggle wp-block-ub-content-toggle-block\" id=\"ub-content-toggle-block-fddbaecc-218d-4a39-915f-e7ab62d2af53\" data-mobilecollapse=\"false\" data-desktopcollapse=\"true\" data-preventcollapse=\"false\" data-showonlyone=\"false\">\n<div class=\"wp-block-ub-content-toggle-accordion\" style=\"border-color: #f1f1f1;\" id=\"ub-content-toggle-panel-block-\">\n\t\t\t<div class=\"wp-block-ub-content-toggle-accordion-title-wrap\" style=\"background-color: #f1f1f1;\" aria-controls=\"ub-content-toggle-panel-0-fddbaecc-218d-4a39-915f-e7ab62d2af53\" tabindex=\"0\">\n\t\t\t<p class=\"wp-block-ub-content-toggle-accordion-title ub-content-toggle-title-fddbaecc-218d-4a39-915f-e7ab62d2af53\" style=\"color: #000000; \"><strong>INCOMING PROCEDURE<\/strong><\/p>\n\t\t\t<div class=\"wp-block-ub-content-toggle-accordion-toggle-wrap right\" style=\"color: #000000;\"><span class=\"wp-block-ub-content-toggle-accordion-state-indicator wp-block-ub-chevron-down\"><\/span><\/div>\n\t\t<\/div>\n\t\t\t<div role=\"region\" aria-expanded=\"false\" class=\"wp-block-ub-content-toggle-accordion-content-wrap ub-hide\" id=\"ub-content-toggle-panel-0-fddbaecc-218d-4a39-915f-e7ab62d2af53\">\n\n<p>There are two types of mobility:\u00a0 <\/p>\n\n\n\n<ul class=\"wp-block-list\">\n<li>Staff Mobility For Teaching <\/li>\n\n\n\n<li>Staff Mobility For Training<\/li>\n<\/ul>\n\n\n\n<p><strong>Obligation Erasmus &#8211; Staff Mobility For Teaching<\/strong>: faculty members shell carry a workload of at least 8 teaching hour&#8217;s a week (i.e. a stay of 5 workdays) at the host faculty.<\/p>\n\n\n\n<p><strong>Duration of Mobility:<\/strong>\u00a0Staff Mobility For Teaching (min. 5 workdays days &#8211; max. 60 days);\u00a0Staff Mobility For Training (min. 5 workdays days &#8211; max. 60 days).<\/p>\n\n\n\n<p><strong>Date of mobility visit:\u00a0<\/strong>Staff Mobility for Teaching can be carried out only during the lecture period at the faculty. \u00a0<\/p>\n\n\n\n<p><strong>Deadline for application:<\/strong>\u00a0at least 30 days before the mobility<\/p>\n\n\n\n<p><strong><a href=\"https:\/\/fthm.uniri.hr\/wp-content\/uploads\/2025\/05\/GUIDELINES-ERASMUS-STAFF-2025.pdf\" data-type=\"link\" data-id=\"https:\/\/fthm.uniri.hr\/wp-content\/uploads\/2025\/05\/GUIDELINES-ERASMUS-STAFF-2025.pdf\"><mark style=\"background-color:#8ed1fc\" class=\"has-inline-color\">GUIDLINES FOR INCOMING STAFF MOBILITY<\/mark><\/a><\/strong><\/p>\n\n\n\n<h3 class=\"wp-block-heading\">Before mobility to FTHM<\/h3>\n\n\n\n<ul class=\"wp-block-list\">\n<li><a href=\"https:\/\/uniri.hr\/wp-content\/uploads\/2023\/10\/Mobility_agreement_for_teaching-2023.docx\" data-type=\"link\" data-id=\"https:\/\/uniri.hr\/wp-content\/uploads\/2023\/10\/Mobility_agreement_for_teaching-2023.docx\">Staff Mobility Agreement for Teaching<\/a><\/li>\n\n\n\n<li><a href=\"https:\/\/uniri.hr\/wp-content\/uploads\/2023\/10\/Mobility_agreement_for_training-2023.docx\">Staff Mobility Agreement for Training<\/a><\/li>\n<\/ul>\n\n\n\n<h3 class=\"wp-block-heading\">During mobility at FTHM<\/h3>\n\n\n\n<ul class=\"wp-block-list\">\n<li><a href=\"https:\/\/fthm.uniri.hr\/images\/msuradnja\/INT_-_STATEMENT_OF_HOST_INSTITUTION_Confirmation_-_staff.docx\">STATEMENT OF HOST INSTITUTION<\/a><\/li>\n<\/ul>\n\n<\/div>\n\t\t<\/div>\n\n<div class=\"wp-block-ub-content-toggle-accordion\" style=\"border-color: #f1f1f1;\" id=\"ub-content-toggle-panel-block-\">\n\t\t\t<div class=\"wp-block-ub-content-toggle-accordion-title-wrap\" style=\"background-color: #f1f1f1;\" aria-controls=\"ub-content-toggle-panel-1-fddbaecc-218d-4a39-915f-e7ab62d2af53\" tabindex=\"0\">\n\t\t\t<p class=\"wp-block-ub-content-toggle-accordion-title ub-content-toggle-title-fddbaecc-218d-4a39-915f-e7ab62d2af53\" style=\"color: #000000; \"><strong>HOW TO GET TO OPATIJA<\/strong><\/p>\n\t\t\t<div class=\"wp-block-ub-content-toggle-accordion-toggle-wrap right\" style=\"color: #000000;\"><span class=\"wp-block-ub-content-toggle-accordion-state-indicator wp-block-ub-chevron-down\"><\/span><\/div>\n\t\t<\/div>\n\t\t\t<div role=\"region\" aria-expanded=\"false\" class=\"wp-block-ub-content-toggle-accordion-content-wrap ub-hide\" id=\"ub-content-toggle-panel-1-fddbaecc-218d-4a39-915f-e7ab62d2af53\">\n\n<figure class=\"wp-block-table\"><table class=\"has-fixed-layout\"><tbody><tr><td><img fetchpriority=\"high\" decoding=\"async\" width=\"2560\" height=\"1707\" class=\"wp-image-22534\" style=\"width: 150px\" src=\"https:\/\/fthm.uniri.hr\/wp-content\/uploads\/2024\/09\/air-plane-symbol-Graphics-26256907-1-scaled.jpg\" alt=\"\" srcset=\"https:\/\/fthm.uniri.hr\/wp-content\/uploads\/2024\/09\/air-plane-symbol-Graphics-26256907-1-scaled.jpg 2560w, https:\/\/fthm.uniri.hr\/wp-content\/uploads\/2024\/09\/air-plane-symbol-Graphics-26256907-1-300x200.jpg 300w, https:\/\/fthm.uniri.hr\/wp-content\/uploads\/2024\/09\/air-plane-symbol-Graphics-26256907-1-1024x683.jpg 1024w, https:\/\/fthm.uniri.hr\/wp-content\/uploads\/2024\/09\/air-plane-symbol-Graphics-26256907-1-768x512.jpg 768w, https:\/\/fthm.uniri.hr\/wp-content\/uploads\/2024\/09\/air-plane-symbol-Graphics-26256907-1-1536x1024.jpg 1536w, https:\/\/fthm.uniri.hr\/wp-content\/uploads\/2024\/09\/air-plane-symbol-Graphics-26256907-1-2048x1365.jpg 2048w\" sizes=\"(max-width: 2560px) 100vw, 2560px\" \/><\/td><td>The nearest airports:<\/td><\/tr><tr><td>Zagreb Airport (ZAG) <a href=\"http:\/\/www.zagreb-airport.hr\/\">http:\/\/www.zagreb-airport.hr\/<\/a><\/td><td>190 km from Opatija, approx. 2 h by car.<\/td><\/tr><tr><td>Pula Airport (PUY) <a href=\"http:\/\/airport-pula.hr\/\">http:\/\/airport-pula.hr\/<\/a><\/td><td>100 km from Opatija, approx. 1 h by car.<\/td><\/tr><tr><td>Ronchi dei Legionari Airport (TRS), Trieste, Italy <a href=\"https:\/\/triesteairport.it\/en\/airport\">https:\/\/triesteairport.it\/en\/airport<\/a><\/td><td>110 km from Opatija, approx. 1 h by car.<br><\/td><\/tr><tr><td>Ljubljana Airport (LJU), Slovenia <a href=\"http:\/\/www.lju-airport.si\/\">http:\/\/www.lju-airport.si\/<\/a><\/td><td>130 km from Opatija, approx 1.5 h by car.<\/td><\/tr><tr><td>Marco Polo Airport (VCE), Venice, Italy <a href=\"http:\/\/www.veniceairport.it\/\">http:\/\/www.veniceairport.it\/<\/a><\/td><td>250 km from Opatija, approx. 2.5 h by car.<\/td><\/tr><\/tbody><\/table><\/figure>\n\n\n\n<figure class=\"wp-block-table\"><table class=\"has-fixed-layout\"><tbody><tr><td><img decoding=\"async\" width=\"225\" height=\"225\" class=\"wp-image-22538\" style=\"width: 150px\" src=\"https:\/\/fthm.uniri.hr\/wp-content\/uploads\/2024\/09\/images.jpeg\" alt=\"\" srcset=\"https:\/\/fthm.uniri.hr\/wp-content\/uploads\/2024\/09\/images.jpeg 225w, https:\/\/fthm.uniri.hr\/wp-content\/uploads\/2024\/09\/images-150x150.jpeg 150w\" sizes=\"(max-width: 225px) 100vw, 225px\" \/><\/td><td>The nearest train stations:<\/td><\/tr><tr><td>Matulji, 5 km from Opatija<\/td><td>+385 (0)51 274 102<\/td><\/tr><tr><td>Rijeka, 15 km from Opatija<\/td><td>+385 (0)51 211 111<\/td><\/tr><tr><td>Zagreb, 200 km from Opatija<\/td><td>+385(0)60 333 444<\/td><\/tr><\/tbody><\/table><figcaption class=\"wp-element-caption\">More information on train lines and about travelling within Croatia:\u00a0<a href=\"http:\/\/www.udaljenosti.com\/vozni-red-vlakova\/\">http:\/\/www.udaljenosti.com\/vozni-red-vlakova\/<\/a><\/figcaption><\/figure>\n\n\n\n<p><\/p>\n\n\n\n<figure class=\"wp-block-table\"><table class=\"has-fixed-layout\"><tbody><tr><td><img decoding=\"async\" width=\"1678\" height=\"1418\" class=\"wp-image-22536\" style=\"width: 150px\" src=\"https:\/\/fthm.uniri.hr\/wp-content\/uploads\/2024\/09\/car-front-view-icon-simple-flat-style-sign-symbol-auto-view-sport-race-transport-concept-illustration-isolated-on-white-background-eps-10-vector.jpg\" alt=\"\" srcset=\"https:\/\/fthm.uniri.hr\/wp-content\/uploads\/2024\/09\/car-front-view-icon-simple-flat-style-sign-symbol-auto-view-sport-race-transport-concept-illustration-isolated-on-white-background-eps-10-vector.jpg 1678w, https:\/\/fthm.uniri.hr\/wp-content\/uploads\/2024\/09\/car-front-view-icon-simple-flat-style-sign-symbol-auto-view-sport-race-transport-concept-illustration-isolated-on-white-background-eps-10-vector-300x254.jpg 300w, https:\/\/fthm.uniri.hr\/wp-content\/uploads\/2024\/09\/car-front-view-icon-simple-flat-style-sign-symbol-auto-view-sport-race-transport-concept-illustration-isolated-on-white-background-eps-10-vector-1024x865.jpg 1024w, https:\/\/fthm.uniri.hr\/wp-content\/uploads\/2024\/09\/car-front-view-icon-simple-flat-style-sign-symbol-auto-view-sport-race-transport-concept-illustration-isolated-on-white-background-eps-10-vector-768x649.jpg 768w, https:\/\/fthm.uniri.hr\/wp-content\/uploads\/2024\/09\/car-front-view-icon-simple-flat-style-sign-symbol-auto-view-sport-race-transport-concept-illustration-isolated-on-white-background-eps-10-vector-1536x1298.jpg 1536w\" sizes=\"(max-width: 1678px) 100vw, 1678px\" \/><\/td><td><\/td><\/tr><tr><td>from Trieste<\/td><td><a href=\"https:\/\/www.croaziainfo.it\/\">https:\/\/www.croaziainfo.it\/<\/a><\/td><\/tr><tr><td>from Zagreb: +385 (0)60 313 333<\/td><td><a href=\"http:\/\/www.akz.hr\/\">http:\/\/www.akz.hr\/<\/a><\/td><\/tr><tr><td>from Ljubljana: +386 (0)90 934 230<\/td><td><a href=\"https:\/\/www.ap-ljubljana.si\/\">https:\/\/www.ap-ljubljana.si\/<\/a><\/td><\/tr><\/tbody><\/table><\/figure>\n\n\n\n<p><\/p>\n\n<\/div>\n\t\t<\/div>\n\n<div class=\"wp-block-ub-content-toggle-accordion\" style=\"border-color: #f1f1f1;\" id=\"ub-content-toggle-panel-block-\">\n\t\t\t<div class=\"wp-block-ub-content-toggle-accordion-title-wrap\" style=\"background-color: #f1f1f1;\" aria-controls=\"ub-content-toggle-panel-2-fddbaecc-218d-4a39-915f-e7ab62d2af53\" tabindex=\"0\">\n\t\t\t<p class=\"wp-block-ub-content-toggle-accordion-title ub-content-toggle-title-fddbaecc-218d-4a39-915f-e7ab62d2af53\" style=\"color: #000000; \"><strong>ACCOMODATION INFORMATION<\/strong><\/p>\n\t\t\t<div class=\"wp-block-ub-content-toggle-accordion-toggle-wrap right\" style=\"color: #000000;\"><span class=\"wp-block-ub-content-toggle-accordion-state-indicator wp-block-ub-chevron-down\"><\/span><\/div>\n\t\t<\/div>\n\t\t\t<div role=\"region\" aria-expanded=\"false\" class=\"wp-block-ub-content-toggle-accordion-content-wrap ub-hide\" id=\"ub-content-toggle-panel-2-fddbaecc-218d-4a39-915f-e7ab62d2af53\">\n\n<p>The Faculty is located on the coast, making accommodation availability scarce, especially during the spring and summer months. Therefore, <strong>we strongly recommend booking your accommodation as early as possible to secure a suitable place to stay<\/strong>.<\/p>\n\n\n\n<p>If you are looking for accommodation near the Faculty, consider searching in the following nearby locations:<\/p>\n\n\n\n<ul class=\"wp-block-list\">\n<li>Ika \u2013 the small town where the Faculty is located.<\/li>\n\n\n\n<li>I\u010di\u0107i \u2013 a nearby town within close proximity to the Faculty.<\/li>\n\n\n\n<li>Lovran \u2013 approximately a 20-minute walk or a 10-minute ride by bus line 32.<\/li>\n\n\n\n<li>Opatija \u2013 reachable within 20 minutes by bus line 32.<\/li>\n\n\n\n<li>Rijeka \u2013 located 20 kilometers away, with a 55-minute ride on bus line 32 to the Faculty.<\/li>\n<\/ul>\n\n\n\n<p>If you are arranging your own accommodation, especially if you do not have a car, ensure that your chosen location is within walking distance of the Faculty or has access to bus line 32 for convenient transportation.<\/p>\n\n\n\n<p>Some suggestions near the faculty:<\/p>\n\n\n\n<p>Hotel Excelsior &#8211; 12 minutes walking distance to the Faculty, 5 minutes walking distance to the beach.\u2013 <a href=\"https:\/\/www.googleadservices.com\/pagead\/aclk?sa=L&amp;ai=DChcSEwiV5f7TwZiLAxW7lFAGHXEfFt0YABAEGgJkZw&amp;ae=2&amp;aspm=1&amp;co=1&amp;ase=5&amp;gclid=CjwKCAiAneK8BhAVEiwAoy2HYXCUGAfTBXkyL7LPTKaV_BBpuz-pa6UyIOlq14KRsvKqJFzcQcK02xoCx_EQAvD_BwE&amp;ohost=www.google.com&amp;cid=CAESVOD2nkWHpKRrTeH8chWuDz6bk7nojzfHUf6jCax_xDw3x4nn6BV6Krb7MapjxNyGa4F04uDObm1slMe7xJ5GKckyLj83qVkFemLhUyYEux1RNnvbbg&amp;sig=AOD64_1ewSzDo21cCgvOz9Hv1mlRTsPaRA&amp;q&amp;adurl&amp;ved=2ahUKEwiA3PXTwZiLAxXoS0EAHX74JUEQ0Qx6BAgZEAE\" data-type=\"link\" data-id=\"https:\/\/www.googleadservices.com\/pagead\/aclk?sa=L&amp;ai=DChcSEwiV5f7TwZiLAxW7lFAGHXEfFt0YABAEGgJkZw&amp;ae=2&amp;aspm=1&amp;co=1&amp;ase=5&amp;gclid=CjwKCAiAneK8BhAVEiwAoy2HYXCUGAfTBXkyL7LPTKaV_BBpuz-pa6UyIOlq14KRsvKqJFzcQcK02xoCx_EQAvD_BwE&amp;ohost=www.google.com&amp;cid=CAESVOD2nkWHpKRrTeH8chWuDz6bk7nojzfHUf6jCax_xDw3x4nn6BV6Krb7MapjxNyGa4F04uDObm1slMe7xJ5GKckyLj83qVkFemLhUyYEux1RNnvbbg&amp;sig=AOD64_1ewSzDo21cCgvOz9Hv1mlRTsPaRA&amp;q&amp;adurl&amp;ved=2ahUKEwiA3PXTwZiLAxXoS0EAHX74JUEQ0Qx6BAgZEAE\">LINK<\/a><\/p>\n\n\n\n<p>Hostel Link 7 minutes\u2019 walk to the Faculty; 7 minutes walking distance to the beach.\u00a0 \u2013 <a href=\"https:\/\/www.googleadservices.com\/pagead\/aclk?sa=L&amp;ai=DChcSEwiRrfSzwZiLAxV3moMHHRS8PWkYABABGgJlZg&amp;ae=2&amp;aspm=1&amp;co=1&amp;ase=5&amp;gclid=CjwKCAiAneK8BhAVEiwAoy2HYSLFlBSrXe2h81MzxkEt2ZjKlvTryAAtk5Ju8JjW6aMiY4foI1bNThoC2ZgQAvD_BwE&amp;ohost=www.google.com&amp;cid=CAESVOD2X1QX5xL_MuhdL3ZC2e06Qd49uNokEKSDFr0b1ZS3rjcrWG0HWZzo5tsygU2jEAe8KkFVTA6A2-0qhL9FA_3Y6FCU5QHzUlzKrzHpIvjwz-osfw&amp;sig=AOD64_3SsTtwG_j1N9Jwn50wF2F82_wrdQ&amp;q&amp;adurl&amp;ved=2ahUKEwjr1OuzwZiLAxWHgf0HHQ3LMiUQ0Qx6BAgcEAQ\" data-type=\"link\" data-id=\"https:\/\/www.googleadservices.com\/pagead\/aclk?sa=L&amp;ai=DChcSEwiRrfSzwZiLAxV3moMHHRS8PWkYABABGgJlZg&amp;ae=2&amp;aspm=1&amp;co=1&amp;ase=5&amp;gclid=CjwKCAiAneK8BhAVEiwAoy2HYSLFlBSrXe2h81MzxkEt2ZjKlvTryAAtk5Ju8JjW6aMiY4foI1bNThoC2ZgQAvD_BwE&amp;ohost=www.google.com&amp;cid=CAESVOD2X1QX5xL_MuhdL3ZC2e06Qd49uNokEKSDFr0b1ZS3rjcrWG0HWZzo5tsygU2jEAe8KkFVTA6A2-0qhL9FA_3Y6FCU5QHzUlzKrzHpIvjwz-osfw&amp;sig=AOD64_3SsTtwG_j1N9Jwn50wF2F82_wrdQ&amp;q&amp;adurl&amp;ved=2ahUKEwjr1OuzwZiLAxWHgf0HHQ3LMiUQ0Qx6BAgcEAQ\">LINK<\/a><\/p>\n\n\n\n<p>Hotel Lovran \u2013 12 minutes walking distance to the Faculty, 5 minutes walking distance to the beach.\u2013 <a href=\"https:\/\/www.googleadservices.com\/pagead\/aclk?sa=L&amp;ai=DChcSEwiJt9vEwZiLAxWImIMHHX5YBfcYABAAGgJlZg&amp;ae=2&amp;aspm=1&amp;co=1&amp;ase=5&amp;gclid=CjwKCAiAneK8BhAVEiwAoy2HYYwtnJf_1eUgPmKjffLaBGEWjolITEoRSkKkovYCU9cNeOFCG0m6XxoCpPUQAvD_BwE&amp;ohost=www.google.com&amp;cid=CAESVOD2lpzBj0QhjCZCQCwWDQ0afRmtXAdXEzoU2E_QCcfITbONYGfNhY1m8lvQZcAEe2s8HPINHERLxhN1PbHjbwovFq8tUpEXFj3II6FutMUVfrPbKQ&amp;sig=AOD64_0fTeTiFDf4kPjKn_S_LZg0k5SI0w&amp;q&amp;adurl&amp;ved=2ahUKEwjcxdLEwZiLAxXz9rsIHQasESkQ0Qx6BAggEAE\" data-type=\"link\" data-id=\"https:\/\/www.googleadservices.com\/pagead\/aclk?sa=L&amp;ai=DChcSEwiJt9vEwZiLAxWImIMHHX5YBfcYABAAGgJlZg&amp;ae=2&amp;aspm=1&amp;co=1&amp;ase=5&amp;gclid=CjwKCAiAneK8BhAVEiwAoy2HYYwtnJf_1eUgPmKjffLaBGEWjolITEoRSkKkovYCU9cNeOFCG0m6XxoCpPUQAvD_BwE&amp;ohost=www.google.com&amp;cid=CAESVOD2lpzBj0QhjCZCQCwWDQ0afRmtXAdXEzoU2E_QCcfITbONYGfNhY1m8lvQZcAEe2s8HPINHERLxhN1PbHjbwovFq8tUpEXFj3II6FutMUVfrPbKQ&amp;sig=AOD64_0fTeTiFDf4kPjKn_S_LZg0k5SI0w&amp;q&amp;adurl&amp;ved=2ahUKEwjcxdLEwZiLAxXz9rsIHQasESkQ0Qx6BAggEAE\">LINK<\/a><\/p>\n\n<\/div>\n\t\t<\/div>\n\n<div class=\"wp-block-ub-content-toggle-accordion\" style=\"border-color: #f1f1f1;\" id=\"ub-content-toggle-panel-block-\">\n\t\t\t<div class=\"wp-block-ub-content-toggle-accordion-title-wrap\" style=\"background-color: #f1f1f1;\" aria-controls=\"ub-content-toggle-panel-3-fddbaecc-218d-4a39-915f-e7ab62d2af53\" tabindex=\"0\">\n\t\t\t<p class=\"wp-block-ub-content-toggle-accordion-title ub-content-toggle-title-fddbaecc-218d-4a39-915f-e7ab62d2af53\" style=\"color: #000000; \"><strong>CONTACT<\/strong><\/p>\n\t\t\t<div class=\"wp-block-ub-content-toggle-accordion-toggle-wrap right\" style=\"color: #000000;\"><span class=\"wp-block-ub-content-toggle-accordion-state-indicator wp-block-ub-chevron-down\"><\/span><\/div>\n\t\t<\/div>\n\t\t\t<div role=\"region\" aria-expanded=\"false\" class=\"wp-block-ub-content-toggle-accordion-content-wrap ub-hide\" id=\"ub-content-toggle-panel-3-fddbaecc-218d-4a39-915f-e7ab62d2af53\">\n\n<p><strong>FTHM Office for International Affairs<\/strong><\/p>\n\n\n\n<p>Email: <a href=\"mailto:international@fthm.hr\">international@fthm.hr<\/a><\/p>\n\n\n\n<p><\/p>\n\n\n\n<p>Assoc. Prof. Sini\u0161a Bogdan, Ph.D.<\/p>\n\n\n\n<p>Vice Dean for International Relations<\/p>\n\n\n\n<p>Phone: +385 (0)51 294 755 | Email: sinisab@fthm.hr<\/p>\n\n\n\n<p><br>Assist. Prof. Lorena Dadi\u0107 Fruk, Ph.D.<\/p>\n\n\n\n<p>Erasmus+ Mobility Coordinator<\/p>\n\n\n\n<p>Phone: +385 (0)51 294 682 | Email: lorenad@fthm.hr<\/p>\n\n\n\n<p><\/p>\n\n\n\n<p><br>Jasna Lasinger Sila\u0111ev, M.Econ.<\/p>\n\n\n\n<p>Associate in Centre for International Relations<\/p>\n\n\n\n<p>Phone: +385 (0)51 294 202 | Email: jasnal@fthm.hr<\/p>\n\n\n\n<h3 class=\"wp-block-heading\">University of Rijeka \u2013 International Relations Office<\/h3>\n\n\n\n<p>Email: <a href=\"mailto:international@uniri.hr\">international@uniri.hr<\/a><\/p>\n\n\n\n<p><br>Ma\u0161a \u0160a\u0161inka<\/p>\n\n\n\n<p>Institutional Erasmus Coordinator<\/p>\n\n\n\n<p>Faculty of Civil Engineering, Radmile Matej\u010di\u0107 3, Rijeka<\/p>\n\n\n\n<p>Phone: +385 (0)51 584 840<\/p>\n\n<\/div>\n\t\t<\/div>\n<\/div>\n\n\n<p><\/p>\n","protected":false},"excerpt":{"rendered":"","protected":false},"author":4,"featured_media":0,"parent":7813,"menu_order":1,"comment_status":"closed","ping_status":"closed","template":"","meta":{"_acf_changed":false,"ub_ctt_via":"","footnotes":""},"class_list":["post-7815","page","type-page","status-publish","hentry"],"acf":[],"featured_image_src":null,"_links":{"self":[{"href":"https:\/\/fthm.uniri.hr\/en\/wp-json\/wp\/v2\/pages\/7815","targetHints":{"allow":["GET"]}}],"collection":[{"href":"https:\/\/fthm.uniri.hr\/en\/wp-json\/wp\/v2\/pages"}],"about":[{"href":"https:\/\/fthm.uniri.hr\/en\/wp-json\/wp\/v2\/types\/page"}],"author":[{"embeddable":true,"href":"https:\/\/fthm.uniri.hr\/en\/wp-json\/wp\/v2\/users\/4"}],"replies":[{"embeddable":true,"href":"https:\/\/fthm.uniri.hr\/en\/wp-json\/wp\/v2\/comments?post=7815"}],"version-history":[{"count":12,"href":"https:\/\/fthm.uniri.hr\/en\/wp-json\/wp\/v2\/pages\/7815\/revisions"}],"predecessor-version":[{"id":29003,"href":"https:\/\/fthm.uniri.hr\/en\/wp-json\/wp\/v2\/pages\/7815\/revisions\/29003"}],"up":[{"embeddable":true,"href":"https:\/\/fthm.uniri.hr\/en\/wp-json\/wp\/v2\/pages\/7813"}],"wp:attachment":[{"href":"https:\/\/fthm.uniri.hr\/en\/wp-json\/wp\/v2\/media?parent=7815"}],"curies":[{"name":"wp","href":"https:\/\/api.w.org\/{rel}","templated":true}]}}