{"id":7835,"date":"2023-04-05T13:56:14","date_gmt":"2023-04-05T13:56:14","guid":{"rendered":"https:\/\/fthm.uniri.hr\/?page_id=7835"},"modified":"2025-03-03T07:50:29","modified_gmt":"2025-03-03T06:50:29","slug":"sport-management-in-tourism","status":"publish","type":"page","link":"https:\/\/fthm.uniri.hr\/en\/study-programs\/summer-school\/sport-management-in-tourism\/","title":{"rendered":"Sport Management in Tourism"},"content":{"rendered":"<div class=\"wp-block-ub-content-toggle wp-block-ub-content-toggle-block\" id=\"ub-content-toggle-block-04da6de7-7c59-49b6-ab17-c378dd4be6f1\" data-mobilecollapse=\"false\" data-desktopcollapse=\"true\" data-preventcollapse=\"false\" data-showonlyone=\"false\">\n<div class=\"wp-block-ub-content-toggle-accordion\" style=\"border-color: #f1f1f1;\" id=\"ub-content-toggle-panel-block-\">\n\t\t\t<div class=\"wp-block-ub-content-toggle-accordion-title-wrap\" style=\"background-color: #f1f1f1;\" aria-controls=\"ub-content-toggle-panel-0-04da6de7-7c59-49b6-ab17-c378dd4be6f1\" tabindex=\"0\">\n\t\t\t<p class=\"wp-block-ub-content-toggle-accordion-title ub-content-toggle-title-04da6de7-7c59-49b6-ab17-c378dd4be6f1\" style=\"color: #000000; \">About<\/p>\n\t\t\t<div class=\"wp-block-ub-content-toggle-accordion-toggle-wrap right\" style=\"color: #000000;\"><span class=\"wp-block-ub-content-toggle-accordion-state-indicator wp-block-ub-chevron-down\"><\/span><\/div>\n\t\t<\/div>\n\t\t\t<div role=\"region\" aria-expanded=\"false\" class=\"wp-block-ub-content-toggle-accordion-content-wrap ub-hide\" id=\"ub-content-toggle-panel-0-04da6de7-7c59-49b6-ab17-c378dd4be6f1\">\n\n<p><strong>3 ECTS (one week)<\/strong><\/p>\n\n\n\n<h3 class=\"wp-block-heading\">Duration<\/h3>\n\n\n\n<h3 class=\"wp-block-heading\">Course fee<\/h3>\n\n\n\n<p><strong>600<\/strong>\u00a0EUR<\/p>\n\n\n\n<p>Faculty of Tourism and Hospitality Management, IBAN: HR1323600001101496052, SWIFT: ZABAHR2X, Reference number:\u00a0<strong>215<\/strong><br>Purpose\/Description of payment: SUMMER 2022, NAME &amp; SURNAME<\/p>\n\n\n\n<h3 class=\"wp-block-heading\">Minimum number of participants<\/h3>\n\n\n\n<p>15<\/p>\n\n\n\n<h3 class=\"wp-block-heading\">The course objective<\/h3>\n\n\n\n<p>The objective of the course is to explain to students the role and importance of sports and sports activities in tourism so that they can design and develop an appropriate project proposal that will offer a compelling sport-tourism experience to tourists.\u00a0<\/p>\n\n\n\n<h3 class=\"wp-block-heading\">Highlights<\/h3>\n\n\n\n<ul class=\"wp-block-list\">\n<li>Sport &amp; Tourism<\/li>\n\n\n\n<li>Sport Events<\/li>\n\n\n\n<li>Experience Economy in Sports Tourism<\/li>\n\n\n\n<li>Business Models for Sports Tourism<\/li>\n\n\n\n<li>Designing Innovative Sport Tourism Product<\/li>\n<\/ul>\n\n<\/div>\n\t\t<\/div>\n\n<div class=\"wp-block-ub-content-toggle-accordion\" style=\"border-color: #f1f1f1;\" id=\"ub-content-toggle-panel-block-\">\n\t\t\t<div class=\"wp-block-ub-content-toggle-accordion-title-wrap\" style=\"background-color: #f1f1f1;\" aria-controls=\"ub-content-toggle-panel-1-04da6de7-7c59-49b6-ab17-c378dd4be6f1\" tabindex=\"0\">\n\t\t\t<p class=\"wp-block-ub-content-toggle-accordion-title ub-content-toggle-title-04da6de7-7c59-49b6-ab17-c378dd4be6f1\" style=\"color: #000000; \">Planned schedule<\/p>\n\t\t\t<div class=\"wp-block-ub-content-toggle-accordion-toggle-wrap right\" style=\"color: #000000;\"><span class=\"wp-block-ub-content-toggle-accordion-state-indicator wp-block-ub-chevron-down\"><\/span><\/div>\n\t\t<\/div>\n\t\t\t<div role=\"region\" aria-expanded=\"false\" class=\"wp-block-ub-content-toggle-accordion-content-wrap ub-hide\" id=\"ub-content-toggle-panel-1-04da6de7-7c59-49b6-ab17-c378dd4be6f1\">\n\n<figure class=\"wp-block-table\"><table><thead><tr><th>Day<\/th><th>Hours<\/th><th>Topic\/Activities<\/th><\/tr><\/thead><tbody><tr><td>\u00a0Day 1<\/td><td>\u00a05 hours<\/td><td>Welcome<br>Introductory presentation of the course (objectives, methods, and schedule of activities).<br>Definition of sport and sport recreation.<br>Tourism and sport in the Republic of Croatia.<br>Definition, principles and functions of sports management.<br>Financing sports.<br>Consultancy work.<\/td><\/tr><tr><td>Day 2<\/td><td>\u00a05 hours<\/td><td>Field work (Opatija\/I\u010di\u0107i\/Mo\u0161\u0107eni\u010dka draga, Liburnia Riviera Hotels).<br>The relationship between sport and tourism.<br>Sports activities in tourism.<br>Presentation of the project assignment.<br>Consultancy work.<\/td><\/tr><tr><td>Day 3<\/td><td>\u00a010 hours<\/td><td>Field work (Medulin, Istria)<br>Types of sports tourism and sports tourists.<br>Experience economy in sports tourism.<br>Business models for sports tourism.<br>Management of sports facilities.<br>Sport event management.<br>Consultancy work.<\/td><\/tr><tr><td>Day 4<\/td><td>\u00a05 hours<\/td><td>The impacts of sports tourism (economic and others).<br>Sport (&amp;) tourism, development and regeneration.<br>Writing your story: Project assignments.<br>Consultancy work.<\/td><\/tr><tr><td>Day 5<\/td><td>\u00a05 hours<\/td><td>Writing your story: Project assignments.<br>Consultancy work.<br><em>Final exam.<\/em><br><em>Students&#8217; presentations<\/em><\/td><\/tr><\/tbody><\/table><\/figure>\n\n\n\n<h3 class=\"wp-block-heading\">Manner of instruction<\/h3>\n\n\n\n<ul class=\"wp-block-list\">\n<li>Lectures in the classroom<\/li>\n\n\n\n<li>Field classes<\/li>\n\n\n\n<li>Guided and independent learning by discovery<\/li>\n<\/ul>\n\n\n\n<h3 class=\"wp-block-heading\">Course holder<\/h3>\n\n\n\n<ul class=\"wp-block-list\">\n<li>Marko Peri\u0107, Ph.D., Full Professor, University of Rijeka, Faculty of Tourism and Hospitality Management, Croatia<\/li>\n<\/ul>\n\n\n\n<h3 class=\"wp-block-heading\">Lecturers<\/h3>\n\n\n\n<ul class=\"wp-block-list\">\n<li>Nicholas Wise, Ph.D., Assistant Professor (Course co-holder) (Arizona State University), USA<\/li>\n\n\n\n<li>Sanela \u0160kori\u0107, Ph.D., Associate Professor, University of Zagreb, Faculty of Kinesiology, Zagreb, Croatia<\/li>\n\n\n\n<li>Vanja Vitezi\u0107, Ph.D., Postdoctoral Researcher, University of Rijeka, Faculty of Tourism and Hospitality Management, Croatia<\/li>\n\n\n\n<li>Alex Crevar, travel journalist, tourism consultant, regular contributor to The New York Times, National Geographic Travel, Lonely Planet, and Adventure Cyclist magazine, USA<\/li>\n\n\n\n<li>Igor Radikovi\u0107, Head of Sport, Entertainment &amp; Activity Liburnia Riviera Hotels, Croatia<\/li>\n\n\n\n<li>Andrea Petri\u0107, Sport &amp; Entertainment Manager, Arena Hospitality Group, Croatia<\/li>\n<\/ul>\n\n<\/div>\n\t\t<\/div>\n\n<div class=\"wp-block-ub-content-toggle-accordion\" style=\"border-color: #f1f1f1;\" id=\"ub-content-toggle-panel-block-\">\n\t\t\t<div class=\"wp-block-ub-content-toggle-accordion-title-wrap\" style=\"background-color: #f1f1f1;\" aria-controls=\"ub-content-toggle-panel-2-04da6de7-7c59-49b6-ab17-c378dd4be6f1\" tabindex=\"0\">\n\t\t\t<p class=\"wp-block-ub-content-toggle-accordion-title ub-content-toggle-title-04da6de7-7c59-49b6-ab17-c378dd4be6f1\" style=\"color: #000000; \">Contact<\/p>\n\t\t\t<div class=\"wp-block-ub-content-toggle-accordion-toggle-wrap right\" style=\"color: #000000;\"><span class=\"wp-block-ub-content-toggle-accordion-state-indicator wp-block-ub-chevron-down\"><\/span><\/div>\n\t\t<\/div>\n\t\t\t<div role=\"region\" aria-expanded=\"false\" class=\"wp-block-ub-content-toggle-accordion-content-wrap ub-hide\" id=\"ub-content-toggle-panel-2-04da6de7-7c59-49b6-ab17-c378dd4be6f1\">\n\n<p>Marko Peri\u0107, Ph.D., Course holder,\u00a0<a href=\"mailto:markop@fthm.hr\"><\/a><a href=\"mailto:markop@fthm.hr\">markop@fthm.hr<\/a><\/p>\n\n<\/div>\n\t\t<\/div>\n<\/div>","protected":false},"excerpt":{"rendered":"","protected":false},"author":4,"featured_media":0,"parent":7827,"menu_order":6,"comment_status":"closed","ping_status":"closed","template":"","meta":{"_acf_changed":false,"ub_ctt_via":"","footnotes":""},"class_list":["post-7835","page","type-page","status-publish","hentry"],"acf":[],"featured_image_src":null,"_links":{"self":[{"href":"https:\/\/fthm.uniri.hr\/en\/wp-json\/wp\/v2\/pages\/7835","targetHints":{"allow":["GET"]}}],"collection":[{"href":"https:\/\/fthm.uniri.hr\/en\/wp-json\/wp\/v2\/pages"}],"about":[{"href":"https:\/\/fthm.uniri.hr\/en\/wp-json\/wp\/v2\/types\/page"}],"author":[{"embeddable":true,"href":"https:\/\/fthm.uniri.hr\/en\/wp-json\/wp\/v2\/users\/4"}],"replies":[{"embeddable":true,"href":"https:\/\/fthm.uniri.hr\/en\/wp-json\/wp\/v2\/comments?post=7835"}],"version-history":[{"count":3,"href":"https:\/\/fthm.uniri.hr\/en\/wp-json\/wp\/v2\/pages\/7835\/revisions"}],"predecessor-version":[{"id":27132,"href":"https:\/\/fthm.uniri.hr\/en\/wp-json\/wp\/v2\/pages\/7835\/revisions\/27132"}],"up":[{"embeddable":true,"href":"https:\/\/fthm.uniri.hr\/en\/wp-json\/wp\/v2\/pages\/7827"}],"wp:attachment":[{"href":"https:\/\/fthm.uniri.hr\/en\/wp-json\/wp\/v2\/media?parent=7835"}],"curies":[{"name":"wp","href":"https:\/\/api.w.org\/{rel}","templated":true}]}}