{"id":7941,"date":"2023-04-05T14:50:03","date_gmt":"2023-04-05T14:50:03","guid":{"rendered":"https:\/\/fthm.uniri.hr\/?page_id=7941"},"modified":"2026-02-27T15:15:00","modified_gmt":"2026-02-27T14:15:00","slug":"quality-assurance","status":"publish","type":"page","link":"https:\/\/fthm.uniri.hr\/en\/about\/quality-assurance\/","title":{"rendered":"Quality Assurance"},"content":{"rendered":"\n<h2 class=\"wp-block-heading\">Members of the Quality Assurance and Improvement Board<\/h2>\n\n\n\n<ol class=\"wp-block-list\">\n<li>Ma\u0161a Trinajsti\u0107, Ph.D., Assistant Professor (teaching staff representative \u2013 Head of the Board)<\/li>\n\n\n\n<li>Ana-Marija Vrtodu\u0161i\u0107 Hrgovi\u0107, Ph.D., Full Professor (Vice Dean for Academic Affairs, faculty management representative\u202f\u2013 Board member)<\/li>\n\n\n\n<li>Maja Nik\u0161i\u0107 Radi\u0107, Ph.D., Full Professor (teaching staff representative \u2013 Board member)<\/li>\n\n\n\n<li>Katarina Poldrugovac, Ph.D., Associate Professor (teaching staff representative \u2013 Board member)<\/li>\n\n\n\n<li>Nata\u0161a Moreti,&nbsp;Associate Professor (teaching staff representative \u2013 Board member)<\/li>\n\n\n\n<li>Romina Agbaba, Senior Assistant (associate staff representative \u2013 Board member)<\/li>\n\n\n\n<li>Nada Bogojevi\u0107 (administrative staff representative \u2013 Board member)<\/li>\n\n\n\n<li>Denis Turalija (administrative staff representative \u2013 Board member)<\/li>\n\n\n\n<li>Petar Hrg (representative of external users\/stakeholders \u2013 Board member)<\/li>\n\n\n\n<li>Luka Vran\u010di\u0107&nbsp; (student representative \u2013\u202fBoard member)<\/li>\n\n\n\n<li>Ivona Ternjei&nbsp; (student representative \u2013\u202fBoard member)&nbsp;<\/li>\n<\/ol>\n\n\n<div class=\"wp-block-ub-content-toggle wp-block-ub-content-toggle-block\" id=\"ub-content-toggle-block-2cd12211-732d-4ae8-ba3f-8546a232614e\" data-mobilecollapse=\"false\" data-desktopcollapse=\"true\" data-preventcollapse=\"false\" data-showonlyone=\"false\">\n<div class=\"wp-block-ub-content-toggle-accordion\" style=\"border-color: #f1f1f1;\" id=\"ub-content-toggle-panel-block-3f939739-2677-4346-8f7d-9ae551cf7a8a\">\n\t\t\t<div class=\"wp-block-ub-content-toggle-accordion-title-wrap\" style=\"background-color: #f1f1f1;\" aria-controls=\"ub-content-toggle-panel-0-2cd12211-732d-4ae8-ba3f-8546a232614e\" tabindex=\"0\">\n\t\t\t<p class=\"wp-block-ub-content-toggle-accordion-title ub-content-toggle-title-2cd12211-732d-4ae8-ba3f-8546a232614e\" style=\"color: #000000; \"><strong>Survey results<\/strong><\/p>\n\t\t\t<div class=\"wp-block-ub-content-toggle-accordion-toggle-wrap right\" style=\"color: #000000;\"><span class=\"wp-block-ub-content-toggle-accordion-state-indicator wp-block-ub-chevron-down\"><\/span><\/div>\n\t\t<\/div>\n\t\t\t<div role=\"region\" aria-expanded=\"false\" class=\"wp-block-ub-content-toggle-accordion-content-wrap ub-hide\" id=\"ub-content-toggle-panel-0-2cd12211-732d-4ae8-ba3f-8546a232614e\">\n\n<ul class=\"wp-block-list\">\n<li><a href=\"https:\/\/fthm.uniri.hr\/wp-content\/uploads\/2024\/04\/Rezultati-anketiranja-LJS-2022-2023_za_web.pdf\" data-type=\"link\" data-id=\"https:\/\/fthm.uniri.hr\/wp-content\/uploads\/2024\/04\/Rezultati-anketiranja-LJS-2022-2023_za_web.pdf\">Results of Student Assessment (summer semester) 2022\/2023<\/a><\/li>\n\n\n\n<li><a href=\"https:\/\/fthm.uniri.hr\/wp-content\/uploads\/2024\/04\/Anketiranje-ZS-2022_2023-za-web.pdf\" data-type=\"link\" data-id=\"https:\/\/fthm.uniri.hr\/wp-content\/uploads\/2024\/04\/Anketiranje-ZS-2022_2023-za-web.pdf\">Results of Student Assessment (winter semester) 2022\/2023<\/a><\/li>\n\n\n\n<li><a href=\"https:\/\/fthm.uniri.hr\/images\/sok\/rezultati_anketiranja\/LJ_-_2021-2022.pdf\" target=\"_blank\" rel=\"noreferrer noopener\">Results of Student Assessment (summer semester)<\/a> <a href=\"https:\/\/fthm.uniri.hr\/images\/sok\/rezultati_anketiranja\/LJ_-_2021-2022.pdf\" target=\"_blank\" rel=\"noreferrer noopener\">2021\/2022<\/a><\/li>\n\n\n\n<li><a href=\"https:\/\/fthm.uniri.hr\/images\/sok\/rezultati_anketiranja\/Z_-_2021-2022.pdf\" target=\"_blank\" rel=\"noreferrer noopener\">Results of Student Assessment (winter semester) 2021\/2022<\/a><\/li>\n\n\n\n<li><a href=\"https:\/\/fthm.uniri.hr\/images\/sok\/rezultati_anketiranja\/LJ_-_2020-2021.pdf\" data-type=\"link\" data-id=\"https:\/\/fthm.uniri.hr\/images\/sok\/rezultati_anketiranja\/LJ_-_2020-2021.pdf\">Results of Student Assessment (summer semester) 2020\/2021<\/a><\/li>\n\n\n\n<li><a href=\"https:\/\/fthm.uniri.hr\/images\/sok\/rezultati_anketiranja\/Z_-_2020-2021_en.pdf.pdf\">Results of Student Assessment (winter semester) 2020\/2021<\/a><\/li>\n\n\n\n<li><a href=\"https:\/\/fthm.uniri.hr\/images\/sok\/rezultati_anketiranja\/LJ_-_2019-2020_en.pdf\">Results of Student Assessment (summer semester) 2019\/2020<\/a><\/li>\n\n\n\n<li><a href=\"https:\/\/fthm.uniri.hr\/images\/sok\/rezultati_anketiranja\/Z_-_2019-2020_en.pdf\">Results of Student Assessment (winter semester) 2019\/2020<\/a><\/li>\n\n\n\n<li><a href=\"https:\/\/fthm.uniri.hr\/images\/sok\/rezultati_anketiranja\/LJ_-_2018-2019_en.pdf\">Results of Student Assessment (summer semester) 2018\/2019<\/a><\/li>\n\n\n\n<li><a href=\"https:\/\/fthm.uniri.hr\/images\/sok\/rezultati_anketiranja\/Z_-_2018-2019_en.pdf\">Results of Student Assessment (winter semester) 2018\/2019<\/a><\/li>\n\n\n\n<li><a href=\"https:\/\/fthm.uniri.hr\/images\/sok\/rezultati_anketiranja\/LJ_-_2017-2018.pdf\">Results of Student Assessment (summer semester) 2017\/2018<\/a><\/li>\n\n\n\n<li><a href=\"https:\/\/fthm.uniri.hr\/images\/sok\/rezultati_anketiranja\/Z_-_2017-2018.pdf\">Results of Student Assessment (winter semester) 2017\/2018<\/a><\/li>\n\n\n\n<li><a href=\"https:\/\/fthm.uniri.hr\/images\/sok\/rezultati_anketiranja\/LJ_2016-2017.pdf\">Results of Student Assessment (summer semester) 2016\/2017<\/a><\/li>\n\n\n\n<li><a href=\"https:\/\/fthm.uniri.hr\/images\/sok\/rezultati_anketiranja\/z_-_2016-2017.pdf\">Results of Student Assessment (winter semester) 2016\/2017<\/a><\/li>\n\n\n\n<li><a href=\"https:\/\/fthm.uniri.hr\/images\/sok\/rezultati_anketiranja\/LJ_2015-2016.pdf\">Results of Student Assessment (summer semester) 2015\/2016<\/a><\/li>\n\n\n\n<li><a href=\"https:\/\/fthm.uniri.hr\/images\/sok\/rezultati_anketiranja\/z_2015-2016.pdf\">Results of Student Assessment (winter semester) 2015\/2016<\/a><\/li>\n\n\n\n<li><a href=\"https:\/\/fthm.uniri.hr\/images\/sok\/rezultati_anketiranja\/lj_2014_2015.pdf\">Results of Student Assessment (summer semester) 2014\/2015<\/a><\/li>\n\n\n\n<li><a href=\"https:\/\/fthm.uniri.hr\/images\/sok\/rezultati_anketiranja\/Z_2014_2015.pdf\">Results of Student Assessment (winter semester) 2014\/2015<\/a><\/li>\n\n\n\n<li><a href=\"https:\/\/fthm.uniri.hr\/images\/sok\/rezultati_anketiranja\/LJ_2013_-_2014.pdf\">Results of Student Assessment (summer semester) 2013\/2014<\/a><\/li>\n\n\n\n<li><a href=\"https:\/\/fthm.uniri.hr\/images\/sok\/rezultati_anketiranja\/Z_2013_2014.pdf\">Results of Student Assessment (winter semester) 2013\/2014<\/a><\/li>\n\n\n\n<li><a href=\"https:\/\/fthm.uniri.hr\/images\/sok\/rezultati_anketiranja\/lj_2012_2013.pdf\">Results of Student Assessment (summer semester) 2012\/2013<\/a><\/li>\n\n\n\n<li><a href=\"https:\/\/fthm.uniri.hr\/images\/sok\/Questionnaire.pdf\">Questionnaire<\/a><\/li>\n<\/ul>\n\n<\/div>\n\t\t<\/div>\n\n<div class=\"wp-block-ub-content-toggle-accordion\" style=\"border-color: #f1f1f1;\" id=\"ub-content-toggle-panel-block-b537eecf-bdb8-49ee-b524-465bc250e247\">\n\t\t\t<div class=\"wp-block-ub-content-toggle-accordion-title-wrap\" style=\"background-color: #f1f1f1;\" aria-controls=\"ub-content-toggle-panel-1-2cd12211-732d-4ae8-ba3f-8546a232614e\" tabindex=\"0\">\n\t\t\t<p class=\"wp-block-ub-content-toggle-accordion-title ub-content-toggle-title-2cd12211-732d-4ae8-ba3f-8546a232614e\" style=\"color: #000000; \"><strong>Documents<\/strong><\/p>\n\t\t\t<div class=\"wp-block-ub-content-toggle-accordion-toggle-wrap right\" style=\"color: #000000;\"><span class=\"wp-block-ub-content-toggle-accordion-state-indicator wp-block-ub-chevron-down\"><\/span><\/div>\n\t\t<\/div>\n\t\t\t<div role=\"region\" aria-expanded=\"false\" class=\"wp-block-ub-content-toggle-accordion-content-wrap ub-hide\" id=\"ub-content-toggle-panel-1-2cd12211-732d-4ae8-ba3f-8546a232614e\">\n\n<p><strong>THE QUALITY POLICY<\/strong><\/p>\n\n\n\n<p>The Faculty of Tourism and Hospitality Management of the University of Rijeka is a significant scientific-educational institution particular for its scientific-research and teaching activities in the field of economics with application to tourism, hospitality, and sustainable development. The Faculty in accordance with its mission, vision and goals, national laws (Act on Scientific Activity and Higher Education and Act on Quality Assurance in Science and Higher Education) and international standards for higher education (The Standards and Guidelines for Quality Assurance in the European Higher Education) is continuously and systematically improving the quality and efficiency of their educational, scientific-research, and professional activities.<\/p>\n\n\n\n<p>Key values \u200b\u200bin achieving excellence are the focus on the demands of students, employees, future employers, and of society by providing high quality services. With the aim of achieving, maintaining, and empowering of these values \u200b\u200bwhile respecting the principles of ethics and social responsibility we are permanently committed to:<\/p>\n\n\n\n<ul class=\"wp-block-list\">\n<li>To develop and improve quality assurance systems based on the standards and guidelines for quality assurance in the European higher education area, national, university, and college criteria and standards by promoting the activities of all organizational units of the faculty, and actively encouraging involvement of students in the system of quality assurance.<\/li>\n\n\n\n<li>Continuously monitor and improve educational, scientific-research, and professional activities in order to ensure the perpetual growth of the quality and competitiveness of teaching, scientific, and professional work.<\/li>\n\n\n\n<li>To strengthen cooperation with international and foreign scientific and higher education institutions as a prerequisite for the active participation of the faculty in both domestic and international projects, greater mobility of the teaching staff, non-teaching staff, and students, to develop joint educational programs and other forms of cooperation.<\/li>\n\n\n\n<li>Continuously and systematically monitor the effectiveness of the studies and undertake activities for its improvement.<\/li>\n\n\n\n<li>To develop partnership relations of the faculty and students, to act on improvement of student standards and create conditions for promotion of social activities of the students.<\/li>\n\n\n\n<li>To encourage active involvement of the faculty in development of economy, wider community, and institutions of civil society through the implementation of scientific and technical projects striving to be an active partner and to support economic development.<\/li>\n\n\n\n<li>Create a stimulating and creative working environment for all workers and to promote a culture of quality assurance at the faculty (university).<\/li>\n\n\n\n<li>To encourage changes in organization of all processes in the faculty, taking into consideration the requirements of all participants.<\/li>\n\n\n\n<li>Continuously monitor the satisfaction of participants with the aim to increase their levels of satisfaction.<\/li>\n\n\n\n<li>Apply and improve effectiveness of the quality management system in compliance with the requirements of ISO 9001:2015.<\/li>\n\n\n\n<li>Ensure transparency, responsibility, and professionalism in all activities of the faculty.<\/li>\n<\/ul>\n\n\n\n<p><a href=\"https:\/\/fthm.uniri.hr\/o-fakultetu\/sustav-osiguravanja-kvalitete\/\" data-type=\"URL\" data-id=\"https:\/\/fthm.uniri.hr\/o-fakultetu\/sustav-osiguravanja-kvalitete\/\" target=\"_blank\" rel=\"noreferrer noopener\">More information<\/a><\/p>\n\n<\/div>\n\t\t<\/div>\n<\/div>","protected":false},"excerpt":{"rendered":"<p>Members of the Quality Assurance and Improvement Board<\/p>\n","protected":false},"author":4,"featured_media":0,"parent":7935,"menu_order":3,"comment_status":"closed","ping_status":"closed","template":"","meta":{"_acf_changed":false,"ub_ctt_via":"","footnotes":""},"class_list":["post-7941","page","type-page","status-publish","hentry"],"acf":[],"featured_image_src":null,"_links":{"self":[{"href":"https:\/\/fthm.uniri.hr\/en\/wp-json\/wp\/v2\/pages\/7941","targetHints":{"allow":["GET"]}}],"collection":[{"href":"https:\/\/fthm.uniri.hr\/en\/wp-json\/wp\/v2\/pages"}],"about":[{"href":"https:\/\/fthm.uniri.hr\/en\/wp-json\/wp\/v2\/types\/page"}],"author":[{"embeddable":true,"href":"https:\/\/fthm.uniri.hr\/en\/wp-json\/wp\/v2\/users\/4"}],"replies":[{"embeddable":true,"href":"https:\/\/fthm.uniri.hr\/en\/wp-json\/wp\/v2\/comments?post=7941"}],"version-history":[{"count":15,"href":"https:\/\/fthm.uniri.hr\/en\/wp-json\/wp\/v2\/pages\/7941\/revisions"}],"predecessor-version":[{"id":35192,"href":"https:\/\/fthm.uniri.hr\/en\/wp-json\/wp\/v2\/pages\/7941\/revisions\/35192"}],"up":[{"embeddable":true,"href":"https:\/\/fthm.uniri.hr\/en\/wp-json\/wp\/v2\/pages\/7935"}],"wp:attachment":[{"href":"https:\/\/fthm.uniri.hr\/en\/wp-json\/wp\/v2\/media?parent=7941"}],"curies":[{"name":"wp","href":"https:\/\/api.w.org\/{rel}","templated":true}]}}