{"id":8516,"date":"2023-04-13T08:01:59","date_gmt":"2023-04-13T08:01:59","guid":{"rendered":"https:\/\/fthm.uniri.hr\/?page_id=8516"},"modified":"2025-04-30T11:07:17","modified_gmt":"2025-04-30T09:07:17","slug":"deans-office","status":"publish","type":"page","link":"https:\/\/fthm.uniri.hr\/en\/about\/organization\/deans-office\/","title":{"rendered":"Dean&#8217;s office"},"content":{"rendered":"\n<h2 class=\"wp-block-heading\">Dean<\/h2>\n\n\n\n<div class=\"wp-block-columns is-layout-flex wp-container-core-columns-is-layout-28f84493 wp-block-columns-is-layout-flex\">\n<div class=\"wp-block-column is-layout-flow wp-block-column-is-layout-flow\" style=\"flex-basis:25%\">\n<figure class=\"wp-block-image size-full is-resized\"><a href=\"https:\/\/fthm.uniri.hr\/wp-content\/uploads\/2022\/11\/peric_marko.jpg\"><img fetchpriority=\"high\" decoding=\"async\" width=\"300\" height=\"450\" src=\"https:\/\/fthm.uniri.hr\/wp-content\/uploads\/2022\/11\/peric_marko.jpg\" alt=\"\" class=\"wp-image-4309\" style=\"width:150px;height:225px\" srcset=\"https:\/\/fthm.uniri.hr\/wp-content\/uploads\/2022\/11\/peric_marko.jpg 300w, https:\/\/fthm.uniri.hr\/wp-content\/uploads\/2022\/11\/peric_marko-200x300.jpg 200w\" sizes=\"(max-width: 300px) 100vw, 300px\" \/><\/a><\/figure>\n<\/div>\n\n\n\n<div class=\"wp-block-column is-layout-flow wp-block-column-is-layout-flow\" style=\"flex-basis:66.66%\">\n<p><strong>Full Professor Marko Peri\u0107, Ph.D.<\/strong><\/p>\n\n\n\n<p class=\"has-small-font-size\">T&nbsp;<a href=\"tel:+385 51 294 706\">+385 51 294 706<\/a><\/p>\n\n\n\n<p class=\"has-small-font-size\">E&nbsp;<a href=\"mailto:markop@fthm.hr\" target=\"_blank\" rel=\"noreferrer noopener\">markop@fthm.hr<\/a><\/p>\n\n\n\n<p class=\"has-small-font-size\">Prostorija:&nbsp;Dekanat<\/p>\n<\/div>\n<\/div>\n\n\n\n<h2 class=\"wp-block-heading\">Vice deans<\/h2>\n\n\n\n<div class=\"wp-block-columns is-layout-flex wp-container-core-columns-is-layout-28f84493 wp-block-columns-is-layout-flex\">\n<div class=\"wp-block-column is-layout-flow wp-block-column-is-layout-flow\" style=\"flex-basis:25%\">\n<figure class=\"wp-block-image size-full is-resized\"><a href=\"https:\/\/fthm.uniri.hr\/wp-content\/uploads\/2022\/11\/vrtodusic_hrgovic_ana_marija.jpg\"><img decoding=\"async\" width=\"300\" height=\"450\" src=\"https:\/\/fthm.uniri.hr\/wp-content\/uploads\/2022\/11\/vrtodusic_hrgovic_ana_marija.jpg\" alt=\"\" class=\"wp-image-4332\" style=\"width:150px;height:225px\" srcset=\"https:\/\/fthm.uniri.hr\/wp-content\/uploads\/2022\/11\/vrtodusic_hrgovic_ana_marija.jpg 300w, https:\/\/fthm.uniri.hr\/wp-content\/uploads\/2022\/11\/vrtodusic_hrgovic_ana_marija-200x300.jpg 200w\" sizes=\"(max-width: 300px) 100vw, 300px\" \/><\/a><\/figure>\n<\/div>\n\n\n\n<div class=\"wp-block-column is-layout-flow wp-block-column-is-layout-flow\" style=\"flex-basis:66.66%\">\n<p><strong>Full Professor Ana-Marija Vrtodu\u0161i\u0107 Hrgovi\u0107, Ph.D.<\/strong><\/p>\n\n\n\n<p>Vice Dean for Teaching<\/p>\n\n\n\n<p class=\"has-small-font-size\">T&nbsp;<a href=\"tel:+385 51 294 182\">+385 51 294 182<\/a><\/p>\n\n\n\n<p class=\"has-small-font-size\">E&nbsp;<a href=\"mailto:anamariv@fthm.hr\">anamariv@fthm.hr<\/a><\/p>\n\n\n\n<p class=\"has-small-font-size\">Prostorija: 204<\/p>\n<\/div>\n<\/div>\n\n\n\n<div class=\"wp-block-columns is-layout-flex wp-container-core-columns-is-layout-28f84493 wp-block-columns-is-layout-flex\">\n<div class=\"wp-block-column is-layout-flow wp-block-column-is-layout-flow\" style=\"flex-basis:25%\">\n<figure class=\"wp-block-image size-full is-resized\"><a href=\"https:\/\/fthm.uniri.hr\/wp-content\/uploads\/2022\/11\/sverko_grdic_zvonimira.jpg\"><img decoding=\"async\" width=\"300\" height=\"450\" src=\"https:\/\/fthm.uniri.hr\/wp-content\/uploads\/2022\/11\/sverko_grdic_zvonimira.jpg\" alt=\"\" class=\"wp-image-4326\" style=\"width:150px;height:225px\" srcset=\"https:\/\/fthm.uniri.hr\/wp-content\/uploads\/2022\/11\/sverko_grdic_zvonimira.jpg 300w, https:\/\/fthm.uniri.hr\/wp-content\/uploads\/2022\/11\/sverko_grdic_zvonimira-200x300.jpg 200w\" sizes=\"(max-width: 300px) 100vw, 300px\" \/><\/a><\/figure>\n<\/div>\n\n\n\n<div class=\"wp-block-column is-layout-flow wp-block-column-is-layout-flow\" style=\"flex-basis:66.66%\">\n<p><strong>Full Professor <strong>Zvonimira \u0160verko Grdi\u0107<\/strong>, Ph.D.<\/strong><\/p>\n\n\n\n<p>Vice Dean for Scientific and Professional Activities<\/p>\n\n\n\n<p class=\"has-small-font-size\">T&nbsp;<a href=\"tel:+385 51 294 717\"><\/a><a href=\"tel:+385 51 294 197\">+385 51 294 197<\/a><\/p>\n\n\n\n<p class=\"has-small-font-size\">E&nbsp;<a href=\"mailto:zgrdic@fthm.hr\">zgrdic@fthm.hr<\/a><\/p>\n\n\n\n<p class=\"has-small-font-size\">Prostorija:&nbsp;107<\/p>\n<\/div>\n<\/div>\n\n\n\n<div class=\"wp-block-columns is-layout-flex wp-container-core-columns-is-layout-28f84493 wp-block-columns-is-layout-flex\">\n<div class=\"wp-block-column is-layout-flow wp-block-column-is-layout-flow\" style=\"flex-basis:25%\">\n<figure class=\"wp-block-image size-full is-resized\"><a href=\"https:\/\/fthm.uniri.hr\/wp-content\/uploads\/2022\/11\/rudan_elena.jpg\"><img loading=\"lazy\" decoding=\"async\" width=\"300\" height=\"450\" src=\"https:\/\/fthm.uniri.hr\/wp-content\/uploads\/2022\/11\/rudan_elena.jpg\" alt=\"\" class=\"wp-image-4315\" style=\"width:150px;height:225px\" srcset=\"https:\/\/fthm.uniri.hr\/wp-content\/uploads\/2022\/11\/rudan_elena.jpg 300w, https:\/\/fthm.uniri.hr\/wp-content\/uploads\/2022\/11\/rudan_elena-200x300.jpg 200w\" sizes=\"(max-width: 300px) 100vw, 300px\" \/><\/a><\/figure>\n<\/div>\n\n\n\n<div class=\"wp-block-column is-layout-flow wp-block-column-is-layout-flow\" style=\"flex-basis:66.66%\">\n<p><strong>Full Professor Elena Rudan, Ph.D.<\/strong><\/p>\n\n\n\n<p>Vice Dean for Business Relations<\/p>\n\n\n\n<p class=\"has-small-font-size\">T&nbsp;<a href=\"tel:+385 51 689 312\">+385 51 689 312<\/a><\/p>\n\n\n\n<p class=\"has-small-font-size\">E&nbsp;<a href=\"mailto:elenar@fthm.hr\">elenar@fthm.hr<\/a><\/p>\n\n\n\n<p class=\"has-small-font-size\">Prostorija:&nbsp;107<\/p>\n<\/div>\n<\/div>\n\n\n\n<div class=\"wp-block-columns is-layout-flex wp-container-core-columns-is-layout-28f84493 wp-block-columns-is-layout-flex\">\n<div class=\"wp-block-column is-layout-flow wp-block-column-is-layout-flow\" style=\"flex-basis:25%\">\n<figure class=\"wp-block-image size-full is-resized\"><a href=\"https:\/\/fthm.uniri.hr\/wp-content\/uploads\/2022\/11\/bogdan_sinisa.jpg\"><img loading=\"lazy\" decoding=\"async\" width=\"300\" height=\"450\" src=\"https:\/\/fthm.uniri.hr\/wp-content\/uploads\/2022\/11\/bogdan_sinisa.jpg\" alt=\"\" class=\"wp-image-4251\" style=\"width:150px;height:225px\" srcset=\"https:\/\/fthm.uniri.hr\/wp-content\/uploads\/2022\/11\/bogdan_sinisa.jpg 300w, https:\/\/fthm.uniri.hr\/wp-content\/uploads\/2022\/11\/bogdan_sinisa-200x300.jpg 200w\" sizes=\"(max-width: 300px) 100vw, 300px\" \/><\/a><\/figure>\n<\/div>\n\n\n\n<div class=\"wp-block-column is-layout-flow wp-block-column-is-layout-flow\" style=\"flex-basis:66.66%\">\n<p><strong><strong>Associate<\/strong> Professor <strong>Sini\u0161a Bogdan<\/strong>, Ph.D.<\/strong><\/p>\n\n\n\n<p>Vice Dean for International Affairs<\/p>\n\n\n\n<p class=\"has-small-font-size\">T&nbsp;<a href=\"tel:+385 51 294 191\"><\/a><a href=\"tel:+385 51 294 755\">+385 51 294 755<\/a><\/p>\n\n\n\n<p class=\"has-small-font-size\">E&nbsp;<a href=\"mailto:sinisab@fthm.hr\">sinisab@fthm.hr<\/a><\/p>\n\n\n\n<p class=\"has-small-font-size\">Prostorija:&nbsp;302<\/p>\n<\/div>\n<\/div>\n\n\n\n<div class=\"wp-block-columns is-layout-flex wp-container-core-columns-is-layout-28f84493 wp-block-columns-is-layout-flex\">\n<div class=\"wp-block-column is-layout-flow wp-block-column-is-layout-flow\" style=\"flex-basis:25%\">\n<figure class=\"wp-block-image size-full is-resized\"><a href=\"https:\/\/fthm.uniri.hr\/wp-content\/uploads\/2022\/11\/krstinic_nizic_marinela.jpg\"><img loading=\"lazy\" decoding=\"async\" width=\"300\" height=\"450\" src=\"https:\/\/fthm.uniri.hr\/wp-content\/uploads\/2022\/11\/krstinic_nizic_marinela.jpg\" alt=\"\" class=\"wp-image-4287\" style=\"width:150px;height:225px\" srcset=\"https:\/\/fthm.uniri.hr\/wp-content\/uploads\/2022\/11\/krstinic_nizic_marinela.jpg 300w, https:\/\/fthm.uniri.hr\/wp-content\/uploads\/2022\/11\/krstinic_nizic_marinela-200x300.jpg 200w\" sizes=\"(max-width: 300px) 100vw, 300px\" \/><\/a><\/figure>\n<\/div>\n\n\n\n<div class=\"wp-block-column is-layout-flow wp-block-column-is-layout-flow\" style=\"flex-basis:66.66%\">\n<p><strong>Full Professor Marinela Krstini\u0107 Ni\u017ei\u0107, Ph.D.<\/strong><\/p>\n\n\n\n<p>Vice Dean for Development<\/p>\n\n\n\n<p class=\"has-small-font-size\">T&nbsp;<a href=\"tel:+385 51 294 713\">+385 51 294 713<\/a><\/p>\n\n\n\n<p class=\"has-small-font-size\">E&nbsp;<a href=\"mailto:marikn@fthm.hr\">marikn@fthm.hr<\/a><\/p>\n\n\n\n<p class=\"has-small-font-size\">Prostorija:&nbsp;207<\/p>\n<\/div>\n<\/div>\n","protected":false},"excerpt":{"rendered":"<p>Dean Full Professor Marko Peri\u0107, Ph.D. T&nbsp;+385 51 294 706 E&nbsp;markop@fthm.hr Prostorija:&nbsp;Dekanat Vice deans Full Professor Ana-Marija Vrtodu\u0161i\u0107 Hrgovi\u0107, Ph.D. Vice Dean for Teaching T&nbsp;+385 51 294 182 E&nbsp;anamariv@fthm.hr Prostorija: 204 Full Professor Zvonimira \u0160verko Grdi\u0107, Ph.D. Vice Dean for Scientific and Professional Activities T&nbsp;+385 51 294 197 E&nbsp;zgrdic@fthm.hr Prostorija:&nbsp;107 Full Professor Elena Rudan, Ph.D. [&hellip;]<\/p>\n","protected":false},"author":4,"featured_media":0,"parent":7943,"menu_order":1,"comment_status":"closed","ping_status":"closed","template":"","meta":{"_acf_changed":false,"ub_ctt_via":"","footnotes":""},"class_list":["post-8516","page","type-page","status-publish","hentry"],"acf":[],"featured_image_src":null,"_links":{"self":[{"href":"https:\/\/fthm.uniri.hr\/en\/wp-json\/wp\/v2\/pages\/8516","targetHints":{"allow":["GET"]}}],"collection":[{"href":"https:\/\/fthm.uniri.hr\/en\/wp-json\/wp\/v2\/pages"}],"about":[{"href":"https:\/\/fthm.uniri.hr\/en\/wp-json\/wp\/v2\/types\/page"}],"author":[{"embeddable":true,"href":"https:\/\/fthm.uniri.hr\/en\/wp-json\/wp\/v2\/users\/4"}],"replies":[{"embeddable":true,"href":"https:\/\/fthm.uniri.hr\/en\/wp-json\/wp\/v2\/comments?post=8516"}],"version-history":[{"count":9,"href":"https:\/\/fthm.uniri.hr\/en\/wp-json\/wp\/v2\/pages\/8516\/revisions"}],"predecessor-version":[{"id":28451,"href":"https:\/\/fthm.uniri.hr\/en\/wp-json\/wp\/v2\/pages\/8516\/revisions\/28451"}],"up":[{"embeddable":true,"href":"https:\/\/fthm.uniri.hr\/en\/wp-json\/wp\/v2\/pages\/7943"}],"wp:attachment":[{"href":"https:\/\/fthm.uniri.hr\/en\/wp-json\/wp\/v2\/media?parent=8516"}],"curies":[{"name":"wp","href":"https:\/\/api.w.org\/{rel}","templated":true}]}}