{"id":8520,"date":"2023-04-13T08:03:47","date_gmt":"2023-04-13T08:03:47","guid":{"rendered":"https:\/\/fthm.uniri.hr\/?page_id=8520"},"modified":"2026-03-18T13:49:14","modified_gmt":"2026-03-18T12:49:14","slug":"professional-services-and-centres","status":"publish","type":"page","link":"https:\/\/fthm.uniri.hr\/en\/about\/organization\/professional-services-and-centres\/","title":{"rendered":"Professional services and centres"},"content":{"rendered":"\n<h3 class=\"wp-block-heading\">Secretary Office<\/h3>\n\n\n\n<ul class=\"wp-block-list\">\n<li>Secretary of the Faculty&nbsp; &#8211; Maja Jura\u010di\u0107, LLM\n<ul class=\"wp-block-list\">\n<li>phone: 051 689 310<\/li>\n\n\n\n<li>e-mail: <a href=\"mailto:maja.juracic@fthm.hr\">maja.juracic@fthm.hr<\/a><\/li>\n<\/ul>\n<\/li>\n<\/ul>\n\n\n\n<h3 class=\"wp-block-heading\">Dean&#8217;s Office<\/h3>\n\n\n\n<ul class=\"wp-block-list\">\n<li>Dean&#8217;s secretary &#8211; Danijela Mu\u017edeka, Master of Economics\n<ul class=\"wp-block-list\">\n<li>phone: 051 294 706<\/li>\n\n\n\n<li>e-mail: <a href=\"mailto:dekanat@fthm.hr\">dekanat@fthm.hr<\/a><\/li>\n<\/ul>\n<\/li>\n\n\n\n<li>Marketing Associate \u2013 Iva Juri\u010di\u0107, Marketing Management Specialist\n<ul class=\"wp-block-list\">\n<li>phone: 051 294 694<\/li>\n\n\n\n<li>e-mail:&nbsp;<a href=\"mailto:iva.juricic@uniri.hr\">iva.juricic@uniri.hr<\/a><\/li>\n<\/ul>\n<\/li>\n<\/ul>\n\n\n\n<h3 class=\"wp-block-heading\">Students\u2019 Office<\/h3>\n\n\n\n<ul class=\"wp-block-list\">\n<li>Head of the Students\u2019 Office&nbsp;&#8211; Denis Turalija, Master of Economics\n<ul class=\"wp-block-list\">\n<li>e-mail: <a href=\"mailto:denis.turalija@fthm.hr\">denis.turalija@fthm.hr<\/a><\/li>\n<\/ul>\n<\/li>\n\n\n\n<li>Katarina Dela\u010d, Master of Economics\n<ul class=\"wp-block-list\">\n<li>phone: 051 294 203<\/li>\n\n\n\n<li>e-mail: <a href=\"mailto:kdelac@fthm.hr\">kdelac@fthm.hr<\/a><\/li>\n<\/ul>\n<\/li>\n\n\n\n<li>\u0110or\u0111e Glumac, prof.\n<ul class=\"wp-block-list\">\n<li>phone: 051 294 201<\/li>\n\n\n\n<li>e-mail: <a href=\"mailto:dglumac@fthm.hr\">dglumac@fthm.hr<\/a><\/li>\n<\/ul>\n<\/li>\n\n\n\n<li>Mila Grivi\u010di\u0107, univ. mag. oec.\n<ul class=\"wp-block-list\">\n<li>phone: 051 294 204<\/li>\n\n\n\n<li>e-mail: <a href=\"mailto:mila.grivicic@fthm.hr\">mila.grivicic@fthm.hr<\/a>  <\/li>\n<\/ul>\n<\/li>\n\n\n\n<li>Ana Novkovi\u0107, Master of Economics&nbsp;\n<ul class=\"wp-block-list\">\n<li>phone: 051 294 206<\/li>\n\n\n\n<li>e-mail: <a href=\"mailto:ana.novkovic@fthm.hr\">ana.novkovic@fthm.hr<\/a>&nbsp;<\/li>\n<\/ul>\n<\/li>\n\n\n\n<li>Mirela Kosmi\u0107\n<ul class=\"wp-block-list\">\n<li>phone: 051 294-205<\/li>\n\n\n\n<li>e-mail:&nbsp;<a href=\"mailto:mirela.kosmic@fthm.hr\">mirela.kosmic@fthm.hr<\/a><\/li>\n<\/ul>\n<\/li>\n<\/ul>\n\n\n\n<h3 class=\"wp-block-heading\">Department of general and personnel affairs <\/h3>\n\n\n\n<ul class=\"wp-block-list\">\n<li>Head of service &#8211; Natalia Mileti\u0107, Master of Economics&nbsp;\n<ul class=\"wp-block-list\">\n<li>phone: 051 294 705<\/li>\n\n\n\n<li>e-mail: <a href=\"mailto:nataliam@fthm.hr\">nataliam@fthm.hr<\/a><\/li>\n<\/ul>\n<\/li>\n\n\n\n<li>Dorijana \u0160neler\n<ul class=\"wp-block-list\">\n<li>phone: 051 294 695<\/li>\n\n\n\n<li>e-mail: <a href=\"mailto:dorijana.sneler@fthm.hr\">dorijana.sneler@fthm.hr<\/a><\/li>\n<\/ul>\n<\/li>\n\n\n\n<li>Dragan Mar\u0161ani\u0107\n<ul class=\"wp-block-list\">\n<li>phone: 051 294 710<\/li>\n<\/ul>\n<\/li>\n\n\n\n<li>Grozdana Rebula<\/li>\n\n\n\n<li>Denis Krebel<\/li>\n<\/ul>\n\n\n\n<h3 class=\"wp-block-heading\">Service for financial and accounting affairs<\/h3>\n\n\n\n<ul class=\"wp-block-list\">\n<li>Head of service &#8211; Klaudija \u0160egota Cuculi\u0107, Master of Economics\n<ul class=\"wp-block-list\">\n<li>phone: 051 294 708<\/li>\n\n\n\n<li>e-mail: <a href=\"mailto:ksegota@fthm.hr\">ksegota@fthm.hr<\/a><\/li>\n<\/ul>\n<\/li>\n\n\n\n<li>Gabi Stroligo Herceg\n<ul class=\"wp-block-list\">\n<li>phone: 051 294 238<\/li>\n\n\n\n<li>e-mail: <a href=\"mailto:gabish@fthm.hr\">gabish@fthm.hr<\/a><\/li>\n<\/ul>\n<\/li>\n\n\n\n<li>Ivana Vu\u010deti\u0107\n<ul class=\"wp-block-list\">\n<li>phone: 051 294 192<\/li>\n\n\n\n<li>e-mail: <a href=\"mailto:ivanav@fthm.hr\">ivanav@fthm.hr<\/a><\/li>\n<\/ul>\n<\/li>\n<\/ul>\n\n\n\n<h3 class=\"wp-block-heading\">IT Service<\/h3>\n\n\n\n<ul class=\"wp-block-list\">\n<li>Head of service&nbsp;&#8211; Davor Mijolovi\u0107, prof.\n<ul class=\"wp-block-list\">\n<li>phone: 051 294 750<\/li>\n\n\n\n<li>e-mail: <a href=\"mailto:davor.mijolovic@fthm.hr\">davor.mijolovic@fthm.hr<\/a>  <\/li>\n<\/ul>\n<\/li>\n<\/ul>\n\n\n\n<h3 class=\"wp-block-heading\">Library<\/h3>\n\n\n\n<ul class=\"wp-block-list\">\n<li>Head of the Library &#8211; Martina Jo\u0161avac, Master in Informatology\n<ul class=\"wp-block-list\">\n<li>phone: 051 294 751<\/li>\n\n\n\n<li>e-mail: <a href=\"mailto:martina.josavac@fthm.hr\">martina.josavac@fthm.hr<\/a><\/li>\n<\/ul>\n<\/li>\n\n\n\n<li>Iva Kova\u010devi\u0107\n<ul class=\"wp-block-list\">\n<li>phone: 051 294 751<\/li>\n\n\n\n<li>e-mail: <a href=\"mailto:ivak@fthm.hr\">ivak@fthm.hr<\/a>  <\/li>\n<\/ul>\n<\/li>\n<\/ul>\n\n\n\n<h3 class=\"wp-block-heading\">Projects Center<\/h3>\n\n\n\n<ul class=\"wp-block-list\">\n<li>Natali Brubnjak, Master of Economics&nbsp;\n<ul class=\"wp-block-list\">\n<li>phone: 051 689 315<\/li>\n\n\n\n<li>e-mail:&nbsp;<a href=\"mailto:natalib@fthm.hr\">natalib@fthm.hr<\/a><\/li>\n<\/ul>\n<\/li>\n\n\n\n<li>Petra Mikulec, univ. mag. oec.\n<ul class=\"wp-block-list\">\n<li>phone: 051 294 207<\/li>\n\n\n\n<li>e-mail:&nbsp;<a href=\"mailto:petra.mikulec@uniri.hr\">petra.mikulec@uniri.hr<\/a><\/li>\n<\/ul>\n<\/li>\n\n\n\n<li>Klara Ba\u017eon, univ. mag. oec.\n<ul class=\"wp-block-list\">\n<li>phone: 051 294 209<\/li>\n\n\n\n<li>e-mail: <a href=\"mailto:klara.bazon@uniri.hr\">klara.bazon@uniri.hr<\/a> <\/li>\n<\/ul>\n<\/li>\n<\/ul>\n\n\n\n<h3 class=\"wp-block-heading\">Postgraduate Studies Center<\/h3>\n\n\n\n<ul class=\"wp-block-list\">\n<li>Nada Bogojevi\u0107, LLM&nbsp;\n<ul class=\"wp-block-list\">\n<li>phone: 051 294 199<\/li>\n\n\n\n<li>e-mail:&nbsp;<a href=\"mailto:nadab@fthm.hr\">nadab@fthm.hr<\/a><\/li>\n<\/ul>\n<\/li>\n<\/ul>\n\n\n\n<h3 class=\"wp-block-heading\">Lifelong Education Center<\/h3>\n\n\n\n<ul class=\"wp-block-list\">\n<li>Jasna Lasinger Sila\u0111ev, Master of Economics&nbsp;\n<ul class=\"wp-block-list\">\n<li>phone: 051 294 202<\/li>\n\n\n\n<li>e-mail: <a href=\"mailto:jasnal@fthm.hr\">jasnal@fthm.hr<\/a><\/li>\n<\/ul>\n<\/li>\n<\/ul>\n\n\n\n<h3 class=\"wp-block-heading\">International Cooperation Center<\/h3>\n\n\n\n<ul class=\"wp-block-list\">\n<li>Jasna Lasinger Sila\u0111ev, Master of Economics&nbsp;\n<ul class=\"wp-block-list\">\n<li>phone: 051 294 202<\/li>\n\n\n\n<li>e-mail: <a href=\"mailto:jasnal@fthm.hr\">jasnal@fthm.hr<\/a><\/li>\n<\/ul>\n<\/li>\n<\/ul>\n\n\n\n<h3 class=\"wp-block-heading\">Quality Center<\/h3>\n\n\n\n<ul class=\"wp-block-list\">\n<li>mr. sc. Albert Cattunar\n<ul class=\"wp-block-list\">\n<li>phone: 051 294 699<\/li>\n\n\n\n<li>e-mail:&nbsp;<a href=\"mailto:albert.cattunar@uniri.hr\">albert.cattunar@uniri.hr<\/a><\/li>\n<\/ul>\n<\/li>\n<\/ul>\n\n\n\n<h3 class=\"wp-block-heading\">Center for Career Development and Internship<\/h3>\n\n\n\n<ul class=\"wp-block-list\">\n<li>Marinela Krstini\u0107 Ni\u017ei\u0107, Ph.D., Full Professor\n<ul class=\"wp-block-list\">\n<li>e-mail: <a href=\"mailto:marikn@fthm.hr\">marikn@fthm.hr<\/a><\/li>\n<\/ul>\n<\/li>\n\n\n\n<li>web: <a href=\"https:\/\/czk.fthm.uniri.hr\/\" target=\"_blank\" rel=\"noreferrer noopener\">https:\/\/czk.fthm.uniri.hr\/<\/a><\/li>\n<\/ul>\n","protected":false},"excerpt":{"rendered":"<p>Secretary Office Dean&#8217;s Office Students\u2019 Office Department of general and personnel affairs Service for financial and accounting affairs IT Service Library Projects Center Postgraduate Studies Center Lifelong Education Center International Cooperation Center Quality Center Center for Career Development and Internship<\/p>\n","protected":false},"author":4,"featured_media":0,"parent":7943,"menu_order":3,"comment_status":"closed","ping_status":"closed","template":"","meta":{"_acf_changed":false,"ub_ctt_via":"","footnotes":""},"class_list":["post-8520","page","type-page","status-publish","hentry"],"acf":[],"featured_image_src":null,"_links":{"self":[{"href":"https:\/\/fthm.uniri.hr\/en\/wp-json\/wp\/v2\/pages\/8520","targetHints":{"allow":["GET"]}}],"collection":[{"href":"https:\/\/fthm.uniri.hr\/en\/wp-json\/wp\/v2\/pages"}],"about":[{"href":"https:\/\/fthm.uniri.hr\/en\/wp-json\/wp\/v2\/types\/page"}],"author":[{"embeddable":true,"href":"https:\/\/fthm.uniri.hr\/en\/wp-json\/wp\/v2\/users\/4"}],"replies":[{"embeddable":true,"href":"https:\/\/fthm.uniri.hr\/en\/wp-json\/wp\/v2\/comments?post=8520"}],"version-history":[{"count":23,"href":"https:\/\/fthm.uniri.hr\/en\/wp-json\/wp\/v2\/pages\/8520\/revisions"}],"predecessor-version":[{"id":35715,"href":"https:\/\/fthm.uniri.hr\/en\/wp-json\/wp\/v2\/pages\/8520\/revisions\/35715"}],"up":[{"embeddable":true,"href":"https:\/\/fthm.uniri.hr\/en\/wp-json\/wp\/v2\/pages\/7943"}],"wp:attachment":[{"href":"https:\/\/fthm.uniri.hr\/en\/wp-json\/wp\/v2\/media?parent=8520"}],"curies":[{"name":"wp","href":"https:\/\/api.w.org\/{rel}","templated":true}]}}