{"id":8522,"date":"2023-04-13T08:04:21","date_gmt":"2023-04-13T08:04:21","guid":{"rendered":"https:\/\/fthm.uniri.hr\/?page_id=8522"},"modified":"2026-02-27T15:13:58","modified_gmt":"2026-02-27T14:13:58","slug":"faculty-council","status":"publish","type":"page","link":"https:\/\/fthm.uniri.hr\/en\/about\/organization\/faculty-council\/","title":{"rendered":"Faculty council"},"content":{"rendered":"\n<div class=\"wp-block-columns is-layout-flex wp-container-core-columns-is-layout-28f84493 wp-block-columns-is-layout-flex\">\n<div class=\"wp-block-column is-layout-flow wp-block-column-is-layout-flow\">\n<ol class=\"wp-block-list\">\n<li>Romina\u202fAlkier Tomi\u0107 Ph. D., Full Professor<\/li>\n\n\n\n<li>Lidija\u202fBagari\u0107, Ph. D., Associate Professor<\/li>\n\n\n\n<li>Tea\u202fBaldigara, Ph. D., Tenured Full Professor<\/li>\n\n\n\n<li>Suzana\u202fBare\u0161a, Ph. D., Associate Professor<\/li>\n\n\n\n<li>Marina Barki\u0111ija Soto\u0161ek,  Ph. D., Assistant Professor<\/li>\n\n\n\n<li>Lorena\u202fBa\u0161an, Ph. D., Tenured Full Professor<\/li>\n\n\n\n<li>Sini\u0161a\u202fBogdan, Ph. D., Associate Professor<\/li>\n\n\n\n<li>Nada Bogojevi\u0107, LLM<\/li>\n\n\n\n<li>Tomislav\u202fCar Ph. D., Associate Professor<\/li>\n\n\n\n<li>Marta Cerovi\u0107 Ph. D., Associate Professor<\/li>\n\n\n\n<li>Josipa Cveli\u0107 Bonifa\u010di\u0107 Ph. D., Assistant Professor<\/li>\n\n\n\n<li>Kristina\u202f\u010crnjar, Ph. D., Full Professor<\/li>\n\n\n\n<li>Ana \u010cui\u0107 Tankovi\u0107 Ph. D., Associate Professor<\/li>\n\n\n\n<li>Lorena Dadi\u0107 Fruk,  Ph. D., Assistant Professor<\/li>\n\n\n\n<li>Jelena Dor\u010di\u0107, Ph. D., Assistant Professor<\/li>\n\n\n\n<li>Daniel\u202fDragi\u010devi\u0107, Ph. D., Full Professor<\/li>\n\n\n\n<li>Jelena \u0110urkin Badurina Ph. D., Associate Professor<\/li>\n\n\n\n<li>Tanja Fatur \u0160iki\u0107, Ph.D., Assistant Professor<\/li>\n\n\n\n<li>Daniela\u202fGra\u010dan, Ph. D., Tenured Full Professor<\/li>\n\n\n\n<li>Maja\u202fGregori\u0107, Ph. D., Associate Professor<\/li>\n\n\n\n<li>Hrvoje Grofelnik Ph. D., Assistant Professor<\/li>\n\n\n\n<li>Sabina\u202fHod\u017ei\u0107, Ph. D., Full Professor<\/li>\n\n\n\n<li>Ivana Ivan\u010di\u0107 Ph. D., Assistant Professor<\/li>\n\n\n\n<li>Marija\u202fIvani\u0161, Ph. D., Associate Professor<\/li>\n\n\n\n<li>Sandra\u202fJankovi\u0107, Ph. D., Tenured Full Professor<\/li>\n\n\n\n<li>Adriana\u202fJelu\u0161i\u0107, Ph. D., Associate Professor<\/li>\n\n\n\n<li>Goran\u202fKaranovi\u0107, Ph. D., Full Professor<\/li>\n\n\n\n<li>Greta\u202fKre\u0161i\u0107, Ph. D., Full Professor<\/li>\n\n\n\n<li>Marinela\u202fKrstini\u0107 Ni\u017ei\u0107, Ph. D., Full Professor<\/li>\n<\/ol>\n<\/div>\n\n\n\n<div class=\"wp-block-column is-layout-flow wp-block-column-is-layout-flow\">\n<ol start=\"30\" class=\"wp-block-list\">\n<li>Marina La\u0161karin A\u017ei\u0107, Ph. D., Associate Professor<\/li>\n\n\n\n<li>Suzana\u202fMarkovi\u0107, Ph. D., Tenured Full Professor<\/li>\n\n\n\n<li>\u202fHelga\u202fMa\u0161karin Ribari\u0107, Ph. D., Tenured Full Professor<\/li>\n\n\n\n<li>Kre\u0161imir Mikinac, Ph. D., Associate Professor<\/li>\n\n\n\n<li>Ines\u202fMilohni\u0107, Ph. D., Full Professor<\/li>\n\n\n\n<li>Nata\u0161a\u202fMoreti, Ph. D., Associate Professor<\/li>\n\n\n\n<li>Elvis\u202fMuja\u010devi\u0107, Ph. D., Full Professor<\/li>\n\n\n\n<li>Jelena Mu\u0161anovi\u0107, Ph. D., Assistant Professor<\/li>\n\n\n\n<li>Maja\u202fNik\u0161i\u0107 Radi\u0107, Ph. D., Full Professor<\/li>\n\n\n\n<li>Marko\u202fPeri\u0107, Ph. D., Full Professor<\/li>\n\n\n\n<li>Marina\u202fPeri\u0161i\u0107 Prodan, Ph. D., Assistant Professor\u202f<\/li>\n\n\n\n<li>Ljubica\u202fPilepi\u0107 Stifanich, Ph. D.,Associate Professor<\/li>\n\n\n\n<li>\u202fKatarina Poldrugovac, Ph. D., Associate Professor\u202f<\/li>\n\n\n\n<li>\u202fElena\u202fRudan, Ph. D., Full Professor<\/li>\n\n\n\n<li>Dora\u202fSmol\u010di\u0107 Jurdana, Ph. D., Tenured Full Professor<\/li>\n\n\n\n<li>Daniela\u202fSoldi\u0107 Frleta, Ph. D., Associate Professor\u202f<\/li>\n\n\n\n<li>Christian\u202fStipanovi\u0107, Ph. D., Tenured Full Professor<\/li>\n\n\n\n<li>Mislav\u202f\u0160imuni\u0107, Ph. D., Tenured Full Professor<\/li>\n\n\n\n<li>Ma\u0161a Trinajsti\u0107, Ph.D., Assistant Professor<\/li>\n\n\n\n<li>Alenka \u0160ulji\u0107 Petrc,\u202fPh.D, Senior Lecturer<\/li>\n\n\n\n<li>Zvonimira\u202f\u0160verko Grdi\u0107, Ph. D., Full Professor<\/li>\n\n\n\n<li>Vanja Vitezi\u0107, Ph. D., Assistant Professor\u202f<\/li>\n\n\n\n<li>Dubravka\u202fVla\u0161i\u0107, Ph. D., Associate Professor<\/li>\n\n\n\n<li>Ana-Marija\u202fVrtodu\u0161i\u0107 Hrgovi\u0107, Ph. D., Full Professor<\/li>\n\n\n\n<li>Zrinka\u202fZadel, Ph. D., Full Professor<\/li>\n\n\n\n<li>\u202fVedran Zubovi\u0107, Ph.D.<\/li>\n<\/ol>\n<\/div>\n<\/div>\n\n\n\n<h2 class=\"wp-block-heading\">\u202fStudent representatives<\/h2>\n\n\n\n<div class=\"wp-block-columns is-layout-flex wp-container-core-columns-is-layout-28f84493 wp-block-columns-is-layout-flex\">\n<div class=\"wp-block-column is-layout-flow wp-block-column-is-layout-flow\">\n<ol start=\"54\" class=\"wp-block-list\">\n<li>Zoia Dimi\u0107<\/li>\n\n\n\n<li>Antea Ferizovi\u0107<\/li>\n\n\n\n<li>Dominik Antolovi\u0107<\/li>\n\n\n\n<li>Ian Cve\u010di\u0107<\/li>\n\n\n\n<li>Korina Novak<\/li>\n\n\n\n<li>Jelena Kelava<\/li>\n\n\n\n<li>Jelena Kape\u0161<\/li>\n<\/ol>\n<\/div>\n\n\n\n<div class=\"wp-block-column is-layout-flow wp-block-column-is-layout-flow\"><\/div>\n<\/div>\n","protected":false},"excerpt":{"rendered":"<p>\u202fStudent representatives<\/p>\n","protected":false},"author":4,"featured_media":0,"parent":7943,"menu_order":4,"comment_status":"closed","ping_status":"closed","template":"","meta":{"_acf_changed":false,"ub_ctt_via":"","footnotes":""},"class_list":["post-8522","page","type-page","status-publish","hentry"],"acf":[],"featured_image_src":null,"_links":{"self":[{"href":"https:\/\/fthm.uniri.hr\/en\/wp-json\/wp\/v2\/pages\/8522","targetHints":{"allow":["GET"]}}],"collection":[{"href":"https:\/\/fthm.uniri.hr\/en\/wp-json\/wp\/v2\/pages"}],"about":[{"href":"https:\/\/fthm.uniri.hr\/en\/wp-json\/wp\/v2\/types\/page"}],"author":[{"embeddable":true,"href":"https:\/\/fthm.uniri.hr\/en\/wp-json\/wp\/v2\/users\/4"}],"replies":[{"embeddable":true,"href":"https:\/\/fthm.uniri.hr\/en\/wp-json\/wp\/v2\/comments?post=8522"}],"version-history":[{"count":22,"href":"https:\/\/fthm.uniri.hr\/en\/wp-json\/wp\/v2\/pages\/8522\/revisions"}],"predecessor-version":[{"id":35191,"href":"https:\/\/fthm.uniri.hr\/en\/wp-json\/wp\/v2\/pages\/8522\/revisions\/35191"}],"up":[{"embeddable":true,"href":"https:\/\/fthm.uniri.hr\/en\/wp-json\/wp\/v2\/pages\/7943"}],"wp:attachment":[{"href":"https:\/\/fthm.uniri.hr\/en\/wp-json\/wp\/v2\/media?parent=8522"}],"curies":[{"name":"wp","href":"https:\/\/api.w.org\/{rel}","templated":true}]}}