{"id":8529,"date":"2023-04-13T08:12:51","date_gmt":"2023-04-13T08:12:51","guid":{"rendered":"https:\/\/fthm.uniri.hr\/?page_id=8529"},"modified":"2026-01-12T11:28:48","modified_gmt":"2026-01-12T10:28:48","slug":"institute-of-tourism","status":"publish","type":"page","link":"https:\/\/fthm.uniri.hr\/en\/about\/organization\/institutes-and-departments\/institute-of-tourism\/","title":{"rendered":"Institute of Tourism and Marketing"},"content":{"rendered":"\n<h3 class=\"wp-block-heading\">Head of the Institute:<\/h3>\n\n\n\n<p><a href=\"https:\/\/fthm.uniri.hr\/djelatnici\/dora-smolcic-jurdana\/\" data-type=\"URL\" data-id=\"https:\/\/fthm.uniri.hr\/djelatnici\/dora-smolcic-jurdana\/\" target=\"_blank\" rel=\"noreferrer noopener\"><strong>Dora Smol\u010di\u0107 Jurdana, Ph.D. , Tenured Full Professor<\/strong><\/a><\/p>\n\n\n\n<p>Within the Institute of Tourism there are two departments:&nbsp;<\/p>\n\n\n\n<ul class=\"wp-block-list\">\n<li>Department of Tourism and&nbsp;<\/li>\n\n\n\n<li>Department of Marketing<\/li>\n<\/ul>\n\n\n\n<p>The importance of the Institute is reflected in the synergetic activities that link two very important and fundamental departments in tourism. The research results, especially in the field of destination marketing and management, commit us to the Institute&#8217;s continued leadership in these research areas, which are irreplaceable when it comes to responding to current trends in tourism demand.&nbsp;<\/p>\n\n\n\n<p>The Institute is of no small importance when it comes to synergies within the destination and the Institute&#8217;s relationships with destinations, i.e. destination management. The contracts just signed between the faculty and the professional associations are the basis for applying scientific knowledge to concrete examples of destination management.&nbsp;<\/p>\n\n\n<div class=\"wp-block-ub-content-toggle wp-block-ub-content-toggle-block\" id=\"ub-content-toggle-block-4851881e-4512-475d-b3b3-67a4a5de6cc3\" data-mobilecollapse=\"false\" data-desktopcollapse=\"true\" data-preventcollapse=\"false\" data-showonlyone=\"false\">\n<div class=\"wp-block-ub-content-toggle-accordion\" style=\"border-color: #f1f1f1;\" id=\"ub-content-toggle-panel-block-22fcb6c7-d217-4e9c-9d86-e8a4fbaa58a9\">\n\t\t\t<div class=\"wp-block-ub-content-toggle-accordion-title-wrap\" style=\"background-color: #f1f1f1;\" aria-controls=\"ub-content-toggle-panel-0-4851881e-4512-475d-b3b3-67a4a5de6cc3\" tabindex=\"0\">\n\t\t\t<p class=\"wp-block-ub-content-toggle-accordion-title ub-content-toggle-title-4851881e-4512-475d-b3b3-67a4a5de6cc3\" style=\"color: #000000; \">Department of Tourism<\/p>\n\t\t\t<div class=\"wp-block-ub-content-toggle-accordion-toggle-wrap right\" style=\"color: #000000;\"><span class=\"wp-block-ub-content-toggle-accordion-state-indicator wp-block-ub-chevron-down\"><\/span><\/div>\n\t\t<\/div>\n\t\t\t<div role=\"region\" aria-expanded=\"false\" class=\"wp-block-ub-content-toggle-accordion-content-wrap ub-hide\" id=\"ub-content-toggle-panel-0-4851881e-4512-475d-b3b3-67a4a5de6cc3\">\n\n<h4 class=\"wp-block-heading\">Head of the Department:<\/h4>\n\n\n\n<p><a href=\"https:\/\/fthm.uniri.hr\/djelatnici\/zrinka-zadel\/\">Zrinka Zadel, Full Professor, Ph.D.<\/a><\/p>\n\n\n\n<h4 class=\"wp-block-heading\">Members of the Department:<\/h4>\n\n\n\n<ul class=\"wp-block-list\">\n<li><a href=\"https:\/\/fthm.uniri.hr\/djelatnici\/dora-smolcic-jurdana\/\" data-type=\"URL\" data-id=\"https:\/\/fthm.uniri.hr\/djelatnici\/dora-smolcic-jurdana\/\" target=\"_blank\" rel=\"noreferrer noopener\">Dora Smol\u010di\u0107 Jurdana, Ph.D., Tenured Full Professor<\/a><\/li>\n\n\n\n<li><a href=\"https:\/\/fthm.uniri.hr\/djelatnici\/daniela-gracan\/\" data-type=\"URL\" data-id=\"https:\/\/fthm.uniri.hr\/djelatnici\/daniela-gracan\/\" target=\"_blank\" rel=\"noreferrer noopener\">Daniela Gra\u010dan, Ph.D., Tenured Full Professor<\/a><\/li>\n\n\n\n<li><a href=\"https:\/\/fthm.uniri.hr\/djelatnici\/romina-alkier\/\" data-type=\"URL\" data-id=\"https:\/\/fthm.uniri.hr\/djelatnici\/romina-alkier\/\" target=\"_blank\" rel=\"noreferrer noopener\">Romina Alkier Tomi\u0107, Ph.D., Full professor<\/a><\/li>\n\n\n\n<li><a href=\"https:\/\/fthm.uniri.hr\/djelatnici\/zrinka-zadel\/\" data-type=\"URL\" data-id=\"https:\/\/fthm.uniri.hr\/djelatnici\/zrinka-zadel\/\" target=\"_blank\" rel=\"noreferrer noopener\">Zrinka Zadel, Ph.D., Full professor<\/a><\/li>\n\n\n\n<li><a href=\"https:\/\/fthm.uniri.hr\/djelatnici\/daniela-soldic-frleta\/\">Daniela Soldi\u0107 Frleta, Ph.D., Associate Professor<\/a><\/li>\n\n\n\n<li><a href=\"https:\/\/fthm.uniri.hr\/djelatnici\/marina-barkidija-sotosek\/\">Marina Barki\u0111ija Soto\u0161ek, Ph.D.<\/a><\/li>\n\n\n\n<li><a href=\"https:\/\/fthm.uniri.hr\/djelatnici\/romina-agbaba\/\">Romina Agbaba, Ph.D., Senior Assistant<\/a><\/li>\n\n\n\n<li><a href=\"https:\/\/fthm.uniri.hr\/djelatnici\/nikolina-seric-honovic\/\">Nikolina \u0160eri\u0107 Honovi\u0107, Assistant<\/a><\/li>\n\n\n\n<li><a href=\"https:\/\/fthm.uniri.hr\/djelatnici\/dea-devic\/\" data-type=\"djelatnici\" data-id=\"29982\">Dea Devi\u0107, Assistant<\/a><\/li>\n<\/ul>\n\n\n\n<p>The importance of the Department of Tourism stems from its scope of activities. The Department is actively involved in all activities of the Faculty of Tourism and Hospitality Management.\u00a0<br>The main activities of the Department include scientific, research, professional and teaching activities of its members. The scientific activity is based on the participation of the members of the Department in the implementation of scientific research projects funded by the Ministry of Science, Education and Sports, as well as in the publication of scientific and professional works. The members of the Department actively participate in international and national scientific and professional meetings, workshops and consultations. A special area of activity is the preparation of development studies, tourism development strategies and tourism master plans, as well as specialized studies. The research results of the members of the Department contribute to the improvement of the development of tourism in the Republic of Croatia, with the aim of creating a competitive destination on the tourism market.\u00a0<\/p>\n\n\n\n<p>The members of the Department conduct research in the complex field of tourism. The focus is on the following areas:\u00a0<\/p>\n\n\n\n<ul class=\"wp-block-list\">\n<li>Destination management\u00a0<\/li>\n\n\n\n<li>Tourism policy\u00a0<\/li>\n\n\n\n<li>Specific forms of tourism\u00a0<\/li>\n\n\n\n<li>Sustainable development of tourism\u00a0<\/li>\n<\/ul>\n\n\n\n<p>Teaching activities are reflected in the performance of teaching assignments at regular and in-service specialised, undergraduate and postgraduate courses in Opatija and CIS Zabok. Members of the department mentor graduate, undergraduate, and professional theses and dissertations. In addition to mentoring, members also act as reviewers of scientific papers for domestic and foreign journals and conferences. The Bologna Process is carried out and implemented through teaching activities. Taking into account the innovations in the learning process, the members of the department improve the methods and techniques of knowledge transfer and review in the teaching process.<\/p>\n\n<\/div>\n\t\t<\/div>\n\n<div class=\"wp-block-ub-content-toggle-accordion\" style=\"border-color: #f1f1f1;\" id=\"ub-content-toggle-panel-block-9c210a2a-5ac0-4902-8e4b-40d63e41cda2\">\n\t\t\t<div class=\"wp-block-ub-content-toggle-accordion-title-wrap\" style=\"background-color: #f1f1f1;\" aria-controls=\"ub-content-toggle-panel-1-4851881e-4512-475d-b3b3-67a4a5de6cc3\" tabindex=\"0\">\n\t\t\t<p class=\"wp-block-ub-content-toggle-accordion-title ub-content-toggle-title-4851881e-4512-475d-b3b3-67a4a5de6cc3\" style=\"color: #000000; \">Marketing department\u00a0<\/p>\n\t\t\t<div class=\"wp-block-ub-content-toggle-accordion-toggle-wrap right\" style=\"color: #000000;\"><span class=\"wp-block-ub-content-toggle-accordion-state-indicator wp-block-ub-chevron-down\"><\/span><\/div>\n\t\t<\/div>\n\t\t\t<div role=\"region\" aria-expanded=\"false\" class=\"wp-block-ub-content-toggle-accordion-content-wrap ub-hide\" id=\"ub-content-toggle-panel-1-4851881e-4512-475d-b3b3-67a4a5de6cc3\">\n\n<h4 class=\"wp-block-heading\">Head of the department:<\/h4>\n\n\n\n<p><a href=\"https:\/\/fthm.uniri.hr\/djelatnici\/marina-perisic-prodan\/\" data-type=\"link\" data-id=\"https:\/\/fthm.uniri.hr\/djelatnici\/marina-perisic-prodan\/\">Marina Peri\u0161i\u0107 Prodan, Ph.D , Associate Professor<\/a><\/p>\n\n\n\n<h4 class=\"wp-block-heading\">Members of the Department:\u00a0<\/h4>\n\n\n\n<ul class=\"wp-block-list\">\n<li><a href=\"https:\/\/fthm.uniri.hr\/djelatnici\/lorena-basan\/\">Lorena Ba\u0161an, Ph.D , Tenured Full Professor\u00a0<\/a><\/li>\n\n\n\n<li><a href=\"https:\/\/fthm.uniri.hr\/djelatnici\/lidija-bagaric\/\">Lidija Bagari\u0107, Ph.D , Associate Professor\u00a0<\/a><\/li>\n\n\n\n<li><a href=\"https:\/\/fthm.uniri.hr\/djelatnici\/ana-cuic-tankovic\/\">Ana \u010cui\u0107 Tankovi\u0107, Ph.D , Associate Professor\u00a0<\/a><\/li>\n\n\n\n<li><a href=\"https:\/\/fthm.uniri.hr\/djelatnici\/marina-perisic-prodan\/\">Marina Peri\u0161i\u0107 Prodan, Ph.D , Associate Professor\u00a0<\/a><\/li>\n\n\n\n<li><a href=\"https:\/\/fthm.uniri.hr\/djelatnici\/jelena-kapes\/\" data-type=\"link\" data-id=\"https:\/\/fthm.uniri.hr\/djelatnici\/jelena-kapes\/\">Jelena Kape\u0161, Assistant\u00a0<\/a><\/li>\n\n\n\n<li><a href=\"https:\/\/fthm.uniri.hr\/djelatnici\/ivan-butkovic\/\" data-type=\"link\" data-id=\"https:\/\/fthm.uniri.hr\/djelatnici\/ivan-butkovic\/\">Ivan Butkovi\u0107, Assistant<\/a><\/li>\n<\/ul>\n\n\n\n<p>The Department of Marketing is actively involved in all activities of the Faculty, and the members of the Department carry out the basic activities of the Department of Marketing through their teaching, scientific and professional activities. The teaching activities of the Department refer to the realization of the teaching obligations of the individual members within the framework of various subjects. The Department covers the field of marketing studied within basic courses, compulsory main courses and elective courses of university and professional studies at the Faculty of Tourism and Hospitality Management in Opatija.\u00a0<\/p>\n\n\n\n<p>As part of the scientific activity, the members of the Department participate as researchers in various scientific research projects of the Ministry of Science, Education and Sports. The members of the Department are involved in two scientific research projects. The professional activities of the members of the Department of Marketing refer to the publication of professional articles in journals important for the profession.<\/p>\n\n<\/div>\n\t\t<\/div>\n<\/div>","protected":false},"excerpt":{"rendered":"<p>Head of the Institute: Dora Smol\u010di\u0107 Jurdana, Ph.D. , Tenured Full Professor Within the Institute of Tourism there are two departments:&nbsp; The importance of the Institute is reflected in the synergetic activities that link two very important and fundamental departments in tourism. The research results, especially in the field of destination marketing and management, commit [&hellip;]<\/p>\n","protected":false},"author":4,"featured_media":0,"parent":8518,"menu_order":1,"comment_status":"closed","ping_status":"closed","template":"","meta":{"_acf_changed":false,"ub_ctt_via":"","footnotes":""},"class_list":["post-8529","page","type-page","status-publish","hentry"],"acf":[],"featured_image_src":null,"_links":{"self":[{"href":"https:\/\/fthm.uniri.hr\/en\/wp-json\/wp\/v2\/pages\/8529","targetHints":{"allow":["GET"]}}],"collection":[{"href":"https:\/\/fthm.uniri.hr\/en\/wp-json\/wp\/v2\/pages"}],"about":[{"href":"https:\/\/fthm.uniri.hr\/en\/wp-json\/wp\/v2\/types\/page"}],"author":[{"embeddable":true,"href":"https:\/\/fthm.uniri.hr\/en\/wp-json\/wp\/v2\/users\/4"}],"replies":[{"embeddable":true,"href":"https:\/\/fthm.uniri.hr\/en\/wp-json\/wp\/v2\/comments?post=8529"}],"version-history":[{"count":19,"href":"https:\/\/fthm.uniri.hr\/en\/wp-json\/wp\/v2\/pages\/8529\/revisions"}],"predecessor-version":[{"id":33788,"href":"https:\/\/fthm.uniri.hr\/en\/wp-json\/wp\/v2\/pages\/8529\/revisions\/33788"}],"up":[{"embeddable":true,"href":"https:\/\/fthm.uniri.hr\/en\/wp-json\/wp\/v2\/pages\/8518"}],"wp:attachment":[{"href":"https:\/\/fthm.uniri.hr\/en\/wp-json\/wp\/v2\/media?parent=8529"}],"curies":[{"name":"wp","href":"https:\/\/api.w.org\/{rel}","templated":true}]}}