{"id":8537,"date":"2023-04-13T08:17:19","date_gmt":"2023-04-13T08:17:19","guid":{"rendered":"https:\/\/fthm.uniri.hr\/?page_id=8537"},"modified":"2026-03-03T10:50:06","modified_gmt":"2026-03-03T09:50:06","slug":"institute-of-management","status":"publish","type":"page","link":"https:\/\/fthm.uniri.hr\/en\/about\/organization\/institutes-and-departments\/institute-of-management\/","title":{"rendered":"Institute of Management"},"content":{"rendered":"\n<h3 class=\"wp-block-heading\">Department Head:<\/h3>\n\n\n\n<p><strong><a href=\"https:\/\/fthm.uniri.hr\/djelatnici\/kristina-crnjar\/\">Kristina \u010crnjar, Ph.D., Full Professor<\/a><\/strong><\/p>\n\n\n\n<p>The departments include the following:&nbsp;<\/p>\n\n\n\n<ul class=\"wp-block-list\">\n<li>Department of Management&nbsp;<\/li>\n\n\n\n<li>Department for Quality and Controlling&nbsp;&nbsp;<\/li>\n\n\n\n<li>Knowledge Management Department&nbsp;<\/li>\n<\/ul>\n\n\n\n<p>The importance of the Institute is reflected mainly in the coordination of internal departmental work and improvement of curricula and programs, as well as in cooperation with domestic and foreign professional organizations and business. In addition to teaching, the activity of the Institute is also focused on scientific and professional activities, which is confirmed by the participation of its members in scientific research and professional projects, as well as in projects financed from EU funds.&nbsp;<\/p>\n\n\n\n<p>In particular, the Institute promotes the improvement of teaching, scientific research and professional activity of each member of the Department.&nbsp;<\/p>\n\n\n<div class=\"wp-block-ub-content-toggle wp-block-ub-content-toggle-block\" id=\"ub-content-toggle-block-c007a686-caa4-40ca-87ac-2026a85b4849\" data-mobilecollapse=\"false\" data-desktopcollapse=\"true\" data-preventcollapse=\"false\" data-showonlyone=\"false\">\n<div class=\"wp-block-ub-content-toggle-accordion\" style=\"border-color: #f1f1f1;\" id=\"ub-content-toggle-panel-block-a21bfbae-d16d-4d54-b71a-df51a159fca8\">\n\t\t\t<div class=\"wp-block-ub-content-toggle-accordion-title-wrap\" style=\"background-color: #f1f1f1;\" aria-controls=\"ub-content-toggle-panel-0-c007a686-caa4-40ca-87ac-2026a85b4849\" tabindex=\"0\">\n\t\t\t<p class=\"wp-block-ub-content-toggle-accordion-title ub-content-toggle-title-c007a686-caa4-40ca-87ac-2026a85b4849\" style=\"color: #000000; \">Department of Management<\/p>\n\t\t\t<div class=\"wp-block-ub-content-toggle-accordion-toggle-wrap right\" style=\"color: #000000;\"><span class=\"wp-block-ub-content-toggle-accordion-state-indicator wp-block-ub-chevron-down\"><\/span><\/div>\n\t\t<\/div>\n\t\t\t<div role=\"region\" aria-expanded=\"false\" class=\"wp-block-ub-content-toggle-accordion-content-wrap ub-hide\" id=\"ub-content-toggle-panel-0-c007a686-caa4-40ca-87ac-2026a85b4849\">\n\n<h3 class=\"wp-block-heading\">Department Head:<\/h3>\n\n\n\n<p><a href=\"https:\/\/fthm.uniri.hr\/djelatnici\/ivana-ivancic\/\">Ivana Ivan\u010di\u0107, assistant Ph.D., Assistant Professor<\/a><\/p>\n\n\n\n<h3 class=\"wp-block-heading\">Members of the Department:<\/h3>\n\n\n\n<ul class=\"wp-block-list\">\n<li><a href=\"https:\/\/fthm.uniri.hr\/djelatnici\/ines-milohnic\/\" data-type=\"URL\" data-id=\"https:\/\/fthm.uniri.hr\/djelatnici\/ines-milohnic\/\" target=\"_blank\" rel=\"noreferrer noopener\">Ines Milohni\u0107, Ph.D., Full professor with tenure<\/a><\/li>\n\n\n\n<li><a href=\"https:\/\/fthm.uniri.hr\/djelatnici\/marko-peric\/\" data-type=\"URL\" data-id=\"https:\/\/fthm.uniri.hr\/djelatnici\/marko-peric\/\" target=\"_blank\" rel=\"noreferrer noopener\">Marko Peri\u0107, Ph.D., Full professor<\/a><\/li>\n\n\n\n<li><a href=\"https:\/\/fthm.uniri.hr\/djelatnici\/jelena-durkin-badurina\/\">Jelena \u0110urkin Badurina, Ph.D., Associate Professor<\/a><\/li>\n\n\n\n<li><a href=\"https:\/\/fthm.uniri.hr\/djelatnici\/josipa-cvelic-bonifacic\/\">Josipa Cveli\u0107 Bonifa\u010di\u0107, Ph.D., Assistant Professor<\/a><\/li>\n\n\n\n<li><a href=\"https:\/\/fthm.uniri.hr\/djelatnici\/ivana-ivancic\/\">Ivana Ivan\u010di\u0107, assistant Ph.D., Assistant Professor<\/a><\/li>\n\n\n\n<li><a href=\"https:\/\/fthm.uniri.hr\/djelatnici\/vanja-vitezic\/\">Vanja Vitezi\u0107, Ph.D., Assistant Professor<\/a><\/li>\n\n\n\n<li><a href=\"https:\/\/fthm.uniri.hr\/djelatnici\/ivana-licul\/\">Ivana Licul, PhD, Senior Assistant<\/a><\/li>\n\n\n\n<li><a href=\"https:\/\/fthm.uniri.hr\/djelatnici\/laura-valentic\/\" data-type=\"link\" data-id=\"https:\/\/fthm.uniri.hr\/djelatnici\/laura-valentic\/\">Laura Valenti\u0107, Assistant<\/a><\/li>\n<\/ul>\n\n\n\n<h3 class=\"wp-block-heading\">Description of the scope of work, basic activities, etc:\u00a0<\/h3>\n\n\n\n<p>The Department is actively involved in all activities of the Faculty. Its main activities are related to teaching and scientific and professional activities of its members in the field of management, strategy and organization.\u00a0<\/p>\n\n\n\n<p>Other activities:\u00a0<\/p>\n\n\n\n<ol start=\"1\" class=\"wp-block-list\">\n<li><strong>Management of sports experiences in the function of designing effective business models in less developed tourist destinations (SPORTBIZMODEL),<\/strong> research project number UIP-2014-09-1214 supported by the <strong>Croatian Science Foundation<\/strong> (project leader: associate professor, Marko Peri\u0107, Ph.D.,; project duration: 01.06.2015-31.05.2018).\u00a0<\/li>\n\n\n\n<li><strong>Glamping &#8211; a factor for the quality of campsites<\/strong>, scientific research project ZP UNIRI 5\/17 supported by the <strong>University of Rijeka<\/strong> (project leader: Prof. Ines Milohni\u0107, Ph.D.; project duration: 10\/2017-10\/2019)\u00a0<\/li>\n\n\n\n<li><strong>The potential of tourism business creation based on the needs of the local community<\/strong>, scientific research project number ZP UNIRI 6\/16 with the support of the <strong>University of Rijeka<\/strong> (project leader: Jelena \u0110urkin, Ph.D., postdoctoral researcher; project duration: 10\/2016-10\/2018)\u00a0<\/li>\n\n\n\n<li><strong>Quality models and public-private partnerships in Croatian tourism<\/strong>, scientific research project No. 116-1162459-2456, supported by <strong>the Ministry of Science, Education and Sports<\/strong> (project leader: Prof. Vinka Cetinski, PhD; project duration: 2007-2013).\u00a0<\/li>\n\n\n\n<li><strong>Joint cross-border tourist destination for the preservation, protection and promotion of the heritage of the mythical area (MITSKI PARK),<\/strong> specialized project under the EU program <strong>INTERREG V &#8211; A Slovenia &#8211; Croatia<\/strong> (project leader for FMTU: Jelena \u0110urkin Badurina, Ph.D., postdoctoral researcher; project duration: 9\/2018-2\/2021)\u00a0<\/li>\n\n\n\n<li><strong>Zero Waste Adriatic net of events and festivals (ZEROWASTE),<\/strong> expert project under the EU program <strong>IPA Adriatic CBC<\/strong> (project leader: Assoc. Marko Peri\u0107, Ph.D.; project duration: 10\/2012-6\/2015).\u00a0<\/li>\n<\/ol>\n\n<\/div>\n\t\t<\/div>\n\n<div class=\"wp-block-ub-content-toggle-accordion\" style=\"border-color: #f1f1f1;\" id=\"ub-content-toggle-panel-block-6685e8d6-47fc-4672-b753-59a373995592\">\n\t\t\t<div class=\"wp-block-ub-content-toggle-accordion-title-wrap\" style=\"background-color: #f1f1f1;\" aria-controls=\"ub-content-toggle-panel-1-c007a686-caa4-40ca-87ac-2026a85b4849\" tabindex=\"0\">\n\t\t\t<p class=\"wp-block-ub-content-toggle-accordion-title ub-content-toggle-title-c007a686-caa4-40ca-87ac-2026a85b4849\" style=\"color: #000000; \">Department of Quality and Controlling<\/p>\n\t\t\t<div class=\"wp-block-ub-content-toggle-accordion-toggle-wrap right\" style=\"color: #000000;\"><span class=\"wp-block-ub-content-toggle-accordion-state-indicator wp-block-ub-chevron-down\"><\/span><\/div>\n\t\t<\/div>\n\t\t\t<div role=\"region\" aria-expanded=\"false\" class=\"wp-block-ub-content-toggle-accordion-content-wrap ub-hide\" id=\"ub-content-toggle-panel-1-c007a686-caa4-40ca-87ac-2026a85b4849\">\n\n<h3 class=\"wp-block-heading\">Department Head:<\/h3>\n\n\n\n<p><a href=\"https:\/\/fthm.uniri.hr\/djelatnici\/helga-maskarin-ribaric\/\" data-type=\"URL\" data-id=\"https:\/\/fthm.uniri.hr\/djelatnici\/helga-maskarin-ribaric\/\" target=\"_blank\" rel=\"noreferrer noopener\">Helga Ma\u0161karin Ribari\u0107, Ph.D., Full professor with tenure<\/a><\/p>\n\n\n\n<h3 class=\"wp-block-heading\">Members of the Department:<\/h3>\n\n\n\n<ul class=\"wp-block-list\">\n<li><a href=\"https:\/\/fthm.uniri.hr\/djelatnici\/helga-maskarin-ribaric\/\" data-type=\"URL\" data-id=\"https:\/\/fthm.uniri.hr\/djelatnici\/helga-maskarin-ribaric\/\" target=\"_blank\" rel=\"noreferrer noopener\">Helga Ma\u0161karin Ribari\u0107, Ph.D., Full professor with tenure<\/a><\/li>\n\n\n\n<li><a href=\"https:\/\/fthm.uniri.hr\/djelatnici\/ana-marija-vrtodusic-hrgovic\/\" data-type=\"URL\" data-id=\"https:\/\/fthm.uniri.hr\/djelatnici\/ana-marija-vrtodusic-hrgovic\/\" target=\"_blank\" rel=\"noreferrer noopener\">Ana-Marija Vrtodu\u0161i\u0107 Hrgovi\u0107, Ph.D., Full Professor<\/a><\/li>\n\n\n\n<li><a href=\"https:\/\/fthm.uniri.hr\/djelatnici\/lorena-dadic-fruk\/\" data-type=\"URL\" data-id=\"https:\/\/fthm.uniri.hr\/djelatnici\/lorena-dadic-fruk\/\">Lorena Dadi\u0107 Fruk, Ph.D.<\/a><\/li>\n\n\n\n<li><a href=\"https:\/\/fthm.uniri.hr\/djelatnici\/ema-petakovic\/\">Ema Petakovi\u0107, Ph.D., Senior Assistant<\/a><\/li>\n<\/ul>\n\n\n\n<p>The activities of the Department are primarily related to teaching, scientific and professional activities of its members. As part of its research and scientific interests, the members of the Department have participated in two scientific projects of the Ministry of Education and Culture &#8211; Management of Business Results of the Croatian Hotel Industry (code 0116001) and Models and Standards of Quality and Business Excellence for the Hotel Industry (project code 116-1162459-2458). and two FTHM projects with the support of the University of Rijeka &#8211; Absenteeism and Labour Productivity in the Hotel Industry (project code ZP UNIRI 3\/16) and Glamping &#8211; Quality Factor of Campsites (project code (ZP UNIRI 5\/17).\u00a0<\/p>\n\n<\/div>\n\t\t<\/div>\n\n<div class=\"wp-block-ub-content-toggle-accordion\" style=\"border-color: #f1f1f1;\" id=\"ub-content-toggle-panel-block-9c50363b-55b3-4e44-9e47-9eb84b958e95\">\n\t\t\t<div class=\"wp-block-ub-content-toggle-accordion-title-wrap\" style=\"background-color: #f1f1f1;\" aria-controls=\"ub-content-toggle-panel-2-c007a686-caa4-40ca-87ac-2026a85b4849\" tabindex=\"0\">\n\t\t\t<p class=\"wp-block-ub-content-toggle-accordion-title ub-content-toggle-title-c007a686-caa4-40ca-87ac-2026a85b4849\" style=\"color: #000000; \">Knowledge Management Department<\/p>\n\t\t\t<div class=\"wp-block-ub-content-toggle-accordion-toggle-wrap right\" style=\"color: #000000;\"><span class=\"wp-block-ub-content-toggle-accordion-state-indicator wp-block-ub-chevron-down\"><\/span><\/div>\n\t\t<\/div>\n\t\t\t<div role=\"region\" aria-expanded=\"false\" class=\"wp-block-ub-content-toggle-accordion-content-wrap ub-hide\" id=\"ub-content-toggle-panel-2-c007a686-caa4-40ca-87ac-2026a85b4849\">\n\n<h3 class=\"wp-block-heading\">Department Head:<\/h3>\n\n\n\n<p><a href=\"https:\/\/fthm.uniri.hr\/djelatnici\/marija-ivanis\/\">Lorena Dadi\u0107 Fruk, Ph.D.<\/a><\/p>\n\n\n\n<h3 class=\"wp-block-heading\">Members of the Department:<\/h3>\n\n\n\n<ul class=\"wp-block-list\">\n<li><a href=\"https:\/\/fthm.uniri.hr\/djelatnici\/kristina-crnjar\/\">Kristina \u010crnjar, Ph.D., Full Professor<\/a><\/li>\n\n\n\n<li><a href=\"https:\/\/fthm.uniri.hr\/djelatnici\/marija-ivanis\/\">Marija Ivani\u0161, Ph.D., Associate Professor<\/a><\/li>\n\n\n\n<li><a href=\"https:\/\/fthm.uniri.hr\/djelatnici\/vedrana-cikes\/\">Vedrana \u010cike\u0161, Ph.D., Senior Assistant<\/a><\/li>\n<\/ul>\n\n\n\n<p>The educational, scientific and professional activities of the members of the Department of Knowledge Management focus on several areas of work, including the management of human capital and managerial skills, business ethics and entrepreneurship, which together with knowledge management is the lever of the knowledge society and entrepreneurial enterprises.\u00a0<\/p>\n\n\n\n<p>Members of the department are owners or collaborators of courses offered at all levels of college study: Undergraduate, Postgraduate and Doctoral, and Specialized Studies. The courses &#8220;Time and Goal Management&#8221;, &#8220;Management of Human Capital&#8221; and &#8220;Corporate Culture and Ethics&#8221; are taught in a foreign language.\u00a0<\/p>\n\n\n\n<p>In addition to teaching, the members of the Department are active in science and research &#8211; they participate in scientific and professional projects, in scientific and craft meetings at home and abroad, participate as reviewers in numerous journals, and promote cooperation and equality.\u00a0<\/p>\n\n<\/div>\n\t\t<\/div>\n<\/div>","protected":false},"excerpt":{"rendered":"<p>Department Head: Kristina \u010crnjar, Ph.D., Full Professor The departments include the following:&nbsp; The importance of the Institute is reflected mainly in the coordination of internal departmental work and improvement of curricula and programs, as well as in cooperation with domestic and foreign professional organizations and business. In addition to teaching, the activity of the Institute [&hellip;]<\/p>\n","protected":false},"author":4,"featured_media":0,"parent":8518,"menu_order":5,"comment_status":"closed","ping_status":"closed","template":"","meta":{"_acf_changed":false,"ub_ctt_via":"","footnotes":""},"class_list":["post-8537","page","type-page","status-publish","hentry"],"acf":[],"featured_image_src":null,"_links":{"self":[{"href":"https:\/\/fthm.uniri.hr\/en\/wp-json\/wp\/v2\/pages\/8537","targetHints":{"allow":["GET"]}}],"collection":[{"href":"https:\/\/fthm.uniri.hr\/en\/wp-json\/wp\/v2\/pages"}],"about":[{"href":"https:\/\/fthm.uniri.hr\/en\/wp-json\/wp\/v2\/types\/page"}],"author":[{"embeddable":true,"href":"https:\/\/fthm.uniri.hr\/en\/wp-json\/wp\/v2\/users\/4"}],"replies":[{"embeddable":true,"href":"https:\/\/fthm.uniri.hr\/en\/wp-json\/wp\/v2\/comments?post=8537"}],"version-history":[{"count":23,"href":"https:\/\/fthm.uniri.hr\/en\/wp-json\/wp\/v2\/pages\/8537\/revisions"}],"predecessor-version":[{"id":35297,"href":"https:\/\/fthm.uniri.hr\/en\/wp-json\/wp\/v2\/pages\/8537\/revisions\/35297"}],"up":[{"embeddable":true,"href":"https:\/\/fthm.uniri.hr\/en\/wp-json\/wp\/v2\/pages\/8518"}],"wp:attachment":[{"href":"https:\/\/fthm.uniri.hr\/en\/wp-json\/wp\/v2\/media?parent=8537"}],"curies":[{"name":"wp","href":"https:\/\/api.w.org\/{rel}","templated":true}]}}