{"id":8543,"date":"2023-04-13T08:21:07","date_gmt":"2023-04-13T08:21:07","guid":{"rendered":"https:\/\/fthm.uniri.hr\/?page_id=8543"},"modified":"2026-02-27T15:13:12","modified_gmt":"2026-02-27T14:13:12","slug":"boards-and-commissions","status":"publish","type":"page","link":"https:\/\/fthm.uniri.hr\/en\/about\/organization\/faculty-council\/boards-and-commissions\/","title":{"rendered":"Commissions and committees"},"content":{"rendered":"<div class=\"wp-block-ub-content-toggle wp-block-ub-content-toggle-block\" id=\"ub-content-toggle-block-fc4e8b96-b53d-4e20-8672-d82d0512d1e2\" data-mobilecollapse=\"false\" data-desktopcollapse=\"true\" data-preventcollapse=\"false\" data-showonlyone=\"false\">\n<div class=\"wp-block-ub-content-toggle-accordion\" style=\"border-color: #f1f1f1;\" id=\"ub-content-toggle-panel-block-6fba40e1-4b08-4dfa-abc2-3b1bd4b85440\">\n\t\t\t<div class=\"wp-block-ub-content-toggle-accordion-title-wrap\" style=\"background-color: #f1f1f1;\" aria-controls=\"ub-content-toggle-panel-0-fc4e8b96-b53d-4e20-8672-d82d0512d1e2\" tabindex=\"0\">\n\t\t\t<p class=\"wp-block-ub-content-toggle-accordion-title ub-content-toggle-title-fc4e8b96-b53d-4e20-8672-d82d0512d1e2\" style=\"color: #000000; \">Committee for ensuring and improving the quality of the Faculty of Tourism and Hospitality Management<\/p>\n\t\t\t<div class=\"wp-block-ub-content-toggle-accordion-toggle-wrap right\" style=\"color: #000000;\"><span class=\"wp-block-ub-content-toggle-accordion-state-indicator wp-block-ub-chevron-down\"><\/span><\/div>\n\t\t<\/div>\n\t\t\t<div role=\"region\" aria-expanded=\"false\" class=\"wp-block-ub-content-toggle-accordion-content-wrap ub-hide\" id=\"ub-content-toggle-panel-0-fc4e8b96-b53d-4e20-8672-d82d0512d1e2\">\n\n<ol start=\"1\" class=\"wp-block-list\">\n<li>Ma\u0161a Trinajsti\u0107, Ph.D., Assistant Professor (teaching staff representative \u2013 Head of the Board)\u00a0<\/li>\n\n\n\n<li>Ana-Marija Vrtodu\u0161i\u0107 Hrgovi\u0107, Ph.D., Full Professor (Vice Dean for Academic Affairs, faculty management representative\u202f\u2013 Board member)\u00a0<\/li>\n\n\n\n<li>Maja Nik\u0161i\u0107 Radi\u0107, Ph.D., Full Professor (teaching staff representative \u2013 Board member)<\/li>\n\n\n\n<li>Katarina Poldrugovac, Ph.D., Associate Professor (teaching staff representative \u2013 Board member)<\/li>\n\n\n\n<li>Nata\u0161a Moreti, Ph.D., Associate Professor (teaching staff representative \u2013 Board member)<\/li>\n\n\n\n<li>Romina Agbaba, Assistant (associate staff representative \u2013 Board member)\u00a0<\/li>\n\n\n\n<li>Nada Bogojevi\u0107 (administrative staff representative \u2013 Board member)\u00a0<\/li>\n\n\n\n<li>Denis Turalija (administrative staff representative \u2013 Board member)\u00a0<\/li>\n\n\n\n<li>Petar Hrg\u00a0(representative of external users\/stakeholders \u2013 Board member)\u00a0<\/li>\n\n\n\n<li>Luka Vran\u010di\u0107 \u00a0(student representative \u2013\u202fBoard member)\u00a0<\/li>\n\n\n\n<li>Ivona Ternjei \u00a0(student representative \u2013\u202fBoard member)\u00a0<\/li>\n<\/ol>\n\n<\/div>\n\t\t<\/div>\n\n<div class=\"wp-block-ub-content-toggle-accordion\" style=\"border-color: #f1f1f1;\" id=\"ub-content-toggle-panel-block-d7353f27-6e1d-4e4a-be3b-7b7d8e043184\">\n\t\t\t<div class=\"wp-block-ub-content-toggle-accordion-title-wrap\" style=\"background-color: #f1f1f1;\" aria-controls=\"ub-content-toggle-panel-1-fc4e8b96-b53d-4e20-8672-d82d0512d1e2\" tabindex=\"0\">\n\t\t\t<p class=\"wp-block-ub-content-toggle-accordion-title ub-content-toggle-title-fc4e8b96-b53d-4e20-8672-d82d0512d1e2\" style=\"color: #000000; \">Teaching Committee<\/p>\n\t\t\t<div class=\"wp-block-ub-content-toggle-accordion-toggle-wrap right\" style=\"color: #000000;\"><span class=\"wp-block-ub-content-toggle-accordion-state-indicator wp-block-ub-chevron-down\"><\/span><\/div>\n\t\t<\/div>\n\t\t\t<div role=\"region\" aria-expanded=\"false\" class=\"wp-block-ub-content-toggle-accordion-content-wrap ub-hide\" id=\"ub-content-toggle-panel-1-fc4e8b96-b53d-4e20-8672-d82d0512d1e2\">\n\n<ol class=\"wp-block-list\">\n<li>Ana Marija Vrtodu\u0161i\u0107 Hrgovi\u0107, Ph.D., Full Professor \u2013 Head of the Board<\/li>\n\n\n\n<li>Dubravka Vla\u0161i\u0107, Ph.D., Associate Professor \u2013\u202fBoard member<\/li>\n\n\n\n<li>Hrvoje Grofelnik, Ph.D., Assistant Professor \u2013\u202fBoard member<\/li>\n\n\n\n<li>Vanja Vitezi\u0107, Ph.D., Assistant Professor \u2013\u202fBoard member<\/li>\n\n\n\n<li>Marina Barki\u0111ija Soto\u0161ek, Ph.D., Assistant Professor \u2013\u202fBoard member<\/li>\n\n\n\n<li>Vedran Zubovi\u0107, Ph.D., Assistant \u2013\u202fBoard member<\/li>\n\n\n\n<li>Denis Turalija \u2013 Board member<\/li>\n<\/ol>\n\n<\/div>\n\t\t<\/div>\n\n<div class=\"wp-block-ub-content-toggle-accordion\" style=\"border-color: #f1f1f1;\" id=\"ub-content-toggle-panel-block-4ca737d2-b94f-4f53-b13b-226bb2fdd25b\">\n\t\t\t<div class=\"wp-block-ub-content-toggle-accordion-title-wrap\" style=\"background-color: #f1f1f1;\" aria-controls=\"ub-content-toggle-panel-2-fc4e8b96-b53d-4e20-8672-d82d0512d1e2\" tabindex=\"0\">\n\t\t\t<p class=\"wp-block-ub-content-toggle-accordion-title ub-content-toggle-title-fc4e8b96-b53d-4e20-8672-d82d0512d1e2\" style=\"color: #000000; \">Committee for recognition and evaluation of previous learning at the Faculty of Tourism and Hospitality Management<\/p>\n\t\t\t<div class=\"wp-block-ub-content-toggle-accordion-toggle-wrap right\" style=\"color: #000000;\"><span class=\"wp-block-ub-content-toggle-accordion-state-indicator wp-block-ub-chevron-down\"><\/span><\/div>\n\t\t<\/div>\n\t\t\t<div role=\"region\" aria-expanded=\"false\" class=\"wp-block-ub-content-toggle-accordion-content-wrap ub-hide\" id=\"ub-content-toggle-panel-2-fc4e8b96-b53d-4e20-8672-d82d0512d1e2\">\n\n<ol class=\"wp-block-list\">\n<li>Ana \u2013 Marija Vrtodu\u0161i\u0107 Hrgovi\u0107, Ph.D., Full Professor &#8211; President of the Committee<\/li>\n\n\n\n<li>Christian Stipanovi\u0107, Ph.D., Full Professor \u2013 member<\/li>\n\n\n\n<li>Lorena Dadi\u0107\u00a0 Fruk, Ph.D., Assistant Professor \u2013 member<\/li>\n\n\n\n<li>Alenka \u0160ulji\u0107 Petrc, Ph.D., Lecturer\u00a0 \u2013 member<\/li>\n\n\n\n<li>Vedrana \u010cike\u0161, Assistant \u2013 member <\/li>\n\n\n\n<li>Denis Turalija, Master of Economics &#8211; member<\/li>\n<\/ol>\n\n<\/div>\n\t\t<\/div>\n\n<div class=\"wp-block-ub-content-toggle-accordion\" style=\"border-color: #f1f1f1;\" id=\"ub-content-toggle-panel-block-d0eb2c6e-b33b-455a-9511-7d9a2ca82e4f\">\n\t\t\t<div class=\"wp-block-ub-content-toggle-accordion-title-wrap\" style=\"background-color: #f1f1f1;\" aria-controls=\"ub-content-toggle-panel-3-fc4e8b96-b53d-4e20-8672-d82d0512d1e2\" tabindex=\"0\">\n\t\t\t<p class=\"wp-block-ub-content-toggle-accordion-title ub-content-toggle-title-fc4e8b96-b53d-4e20-8672-d82d0512d1e2\" style=\"color: #000000; \">Committee for academic recognition of foreign higher education qualifications and periods of study<\/p>\n\t\t\t<div class=\"wp-block-ub-content-toggle-accordion-toggle-wrap right\" style=\"color: #000000;\"><span class=\"wp-block-ub-content-toggle-accordion-state-indicator wp-block-ub-chevron-down\"><\/span><\/div>\n\t\t<\/div>\n\t\t\t<div role=\"region\" aria-expanded=\"false\" class=\"wp-block-ub-content-toggle-accordion-content-wrap ub-hide\" id=\"ub-content-toggle-panel-3-fc4e8b96-b53d-4e20-8672-d82d0512d1e2\">\n\n<ol class=\"wp-block-list\">\n<li>Greta Kre\u0161i\u0107 Ph.D., Full Professor \u2013 president of the Committee,<\/li>\n\n\n\n<li>Christian Stipanovi\u0107 Ph.D., Full Professor \u2013 member,<\/li>\n\n\n\n<li>Ana-Marija Vrtodu\u0161i\u0107 Hrgovi\u0107, Ph.D., Full Professor \u2013 member<\/li>\n\n\n\n<li>Maja Jura\u010di\u0107, LLM &#8211; member,<\/li>\n\n\n\n<li>Denis Turalija, Master of Economics &#8211; member<\/li>\n<\/ol>\n\n<\/div>\n\t\t<\/div>\n\n<div class=\"wp-block-ub-content-toggle-accordion\" style=\"border-color: #f1f1f1;\" id=\"ub-content-toggle-panel-block-d2ba573c-af35-4f89-9e50-29b8e5b59490\">\n\t\t\t<div class=\"wp-block-ub-content-toggle-accordion-title-wrap\" style=\"background-color: #f1f1f1;\" aria-controls=\"ub-content-toggle-panel-4-fc4e8b96-b53d-4e20-8672-d82d0512d1e2\" tabindex=\"0\">\n\t\t\t<p class=\"wp-block-ub-content-toggle-accordion-title ub-content-toggle-title-fc4e8b96-b53d-4e20-8672-d82d0512d1e2\" style=\"color: #000000; \">Committee for Publishing Activity<\/p>\n\t\t\t<div class=\"wp-block-ub-content-toggle-accordion-toggle-wrap right\" style=\"color: #000000;\"><span class=\"wp-block-ub-content-toggle-accordion-state-indicator wp-block-ub-chevron-down\"><\/span><\/div>\n\t\t<\/div>\n\t\t\t<div role=\"region\" aria-expanded=\"false\" class=\"wp-block-ub-content-toggle-accordion-content-wrap ub-hide\" id=\"ub-content-toggle-panel-4-fc4e8b96-b53d-4e20-8672-d82d0512d1e2\">\n\n<ol class=\"wp-block-list\">\n<li>Daniela Soldi\u0107 Frleta, Ph.D., Associate Professor \u2013 President of the Committee,<\/li>\n\n\n\n<li>Adriana Jelu\u0161i\u0107, Ph.D., Associate Professor \u2013 member,<\/li>\n\n\n\n<li>Zvonimira \u0160verko Grdi\u0107, Ph.D., Full Professor \u2013 member<\/li>\n<\/ol>\n\n<\/div>\n\t\t<\/div>\n\n<div class=\"wp-block-ub-content-toggle-accordion\" style=\"border-color: #f1f1f1;\" id=\"ub-content-toggle-panel-block-507d95b6-bbab-448a-a29e-2a3cbe596e87\">\n\t\t\t<div class=\"wp-block-ub-content-toggle-accordion-title-wrap\" style=\"background-color: #f1f1f1;\" aria-controls=\"ub-content-toggle-panel-5-fc4e8b96-b53d-4e20-8672-d82d0512d1e2\" tabindex=\"0\">\n\t\t\t<p class=\"wp-block-ub-content-toggle-accordion-title ub-content-toggle-title-fc4e8b96-b53d-4e20-8672-d82d0512d1e2\" style=\"color: #000000; \">Ethics Committee<\/p>\n\t\t\t<div class=\"wp-block-ub-content-toggle-accordion-toggle-wrap right\" style=\"color: #000000;\"><span class=\"wp-block-ub-content-toggle-accordion-state-indicator wp-block-ub-chevron-down\"><\/span><\/div>\n\t\t<\/div>\n\t\t\t<div role=\"region\" aria-expanded=\"false\" class=\"wp-block-ub-content-toggle-accordion-content-wrap ub-hide\" id=\"ub-content-toggle-panel-5-fc4e8b96-b53d-4e20-8672-d82d0512d1e2\">\n\n<ol class=\"wp-block-list\">\n<li>Sabina Hod\u017ei\u0107, Ph.D., Full Professor &#8211; President of the Committee,<\/li>\n\n\n\n<li>Daniel Dragi\u010devi\u0107, Ph.D., Full Professor &#8211; member<\/li>\n\n\n\n<li>Vedrana Brki\u0107, student \u2013 member<\/li>\n<\/ol>\n\n<\/div>\n\t\t<\/div>\n\n<div class=\"wp-block-ub-content-toggle-accordion\" style=\"border-color: #f1f1f1;\" id=\"ub-content-toggle-panel-block-21702863-f590-42be-999b-585d1bee737b\">\n\t\t\t<div class=\"wp-block-ub-content-toggle-accordion-title-wrap\" style=\"background-color: #f1f1f1;\" aria-controls=\"ub-content-toggle-panel-6-fc4e8b96-b53d-4e20-8672-d82d0512d1e2\" tabindex=\"0\">\n\t\t\t<p class=\"wp-block-ub-content-toggle-accordion-title ub-content-toggle-title-fc4e8b96-b53d-4e20-8672-d82d0512d1e2\" style=\"color: #000000; \">Library Board<\/p>\n\t\t\t<div class=\"wp-block-ub-content-toggle-accordion-toggle-wrap right\" style=\"color: #000000;\"><span class=\"wp-block-ub-content-toggle-accordion-state-indicator wp-block-ub-chevron-down\"><\/span><\/div>\n\t\t<\/div>\n\t\t\t<div role=\"region\" aria-expanded=\"false\" class=\"wp-block-ub-content-toggle-accordion-content-wrap ub-hide\" id=\"ub-content-toggle-panel-6-fc4e8b96-b53d-4e20-8672-d82d0512d1e2\">\n\n<ol class=\"wp-block-list\">\n<li>Elena Rudan, Ph.D., Full Professor &#8211; President of the Committee,<\/li>\n\n\n\n<li>Daniela Soldi\u0107 Frleta, Ph.D., Associate Professor &#8211; member<\/li>\n\n\n\n<li>Marina Peri\u0161i\u0107 Prodan, Ph.D., Associate Professor &#8211; member<\/li>\n\n\n\n<li>Martina Jo\u0161avac \u2013 member<\/li>\n\n\n\n<li>Anamaria Ple\u0161e, student \u2013 member<\/li>\n<\/ol>\n\n<\/div>\n\t\t<\/div>\n\n<div class=\"wp-block-ub-content-toggle-accordion\" style=\"border-color: #f1f1f1;\" id=\"ub-content-toggle-panel-block-e3af04ce-4bd4-46ad-997b-421603448b5c\">\n\t\t\t<div class=\"wp-block-ub-content-toggle-accordion-title-wrap\" style=\"background-color: #f1f1f1;\" aria-controls=\"ub-content-toggle-panel-7-fc4e8b96-b53d-4e20-8672-d82d0512d1e2\" tabindex=\"0\">\n\t\t\t<p class=\"wp-block-ub-content-toggle-accordion-title ub-content-toggle-title-fc4e8b96-b53d-4e20-8672-d82d0512d1e2\" style=\"color: #000000; \">Disciplinary committee for students<\/p>\n\t\t\t<div class=\"wp-block-ub-content-toggle-accordion-toggle-wrap right\" style=\"color: #000000;\"><span class=\"wp-block-ub-content-toggle-accordion-state-indicator wp-block-ub-chevron-down\"><\/span><\/div>\n\t\t<\/div>\n\t\t\t<div role=\"region\" aria-expanded=\"false\" class=\"wp-block-ub-content-toggle-accordion-content-wrap ub-hide\" id=\"ub-content-toggle-panel-7-fc4e8b96-b53d-4e20-8672-d82d0512d1e2\">\n\n<ol class=\"wp-block-list\">\n<li>Ana \u010cui\u0107 Tankovi\u0107, Ph.D., Associate Professor &#8211; President of the Committee\n<ul class=\"wp-block-list\">\n<li>Marta Cerovi\u0107, Ph.D., Associate Professor &#8211; Vice President of the Committee<\/li>\n<\/ul>\n<\/li>\n\n\n\n<li>Jelena \u0110urkin Badurina, Ph.D., Associate Professor &#8211; member\n<ul class=\"wp-block-list\">\n<li>Ivana Ivan\u010di\u0107, Ph.D., Assistant Professor &#8211; substitute member<\/li>\n<\/ul>\n<\/li>\n\n\n\n<li>Zoia Dimi\u0107, student \u2013 member\n<ul class=\"wp-block-list\">\n<li>Bernarda Bor\u010di\u0107, student &#8211;  substitute member<\/li>\n<\/ul>\n<\/li>\n<\/ol>\n\n<\/div>\n\t\t<\/div>\n\n<div class=\"wp-block-ub-content-toggle-accordion\" style=\"border-color: #f1f1f1;\" id=\"ub-content-toggle-panel-block-2295fb66-e097-474a-a9c2-2cecc10a93f3\">\n\t\t\t<div class=\"wp-block-ub-content-toggle-accordion-title-wrap\" style=\"background-color: #f1f1f1;\" aria-controls=\"ub-content-toggle-panel-8-fc4e8b96-b53d-4e20-8672-d82d0512d1e2\" tabindex=\"0\">\n\t\t\t<p class=\"wp-block-ub-content-toggle-accordion-title ub-content-toggle-title-fc4e8b96-b53d-4e20-8672-d82d0512d1e2\" style=\"color: #000000; \">Appeal disciplinary committee for students<\/p>\n\t\t\t<div class=\"wp-block-ub-content-toggle-accordion-toggle-wrap right\" style=\"color: #000000;\"><span class=\"wp-block-ub-content-toggle-accordion-state-indicator wp-block-ub-chevron-down\"><\/span><\/div>\n\t\t<\/div>\n\t\t\t<div role=\"region\" aria-expanded=\"false\" class=\"wp-block-ub-content-toggle-accordion-content-wrap ub-hide\" id=\"ub-content-toggle-panel-8-fc4e8b96-b53d-4e20-8672-d82d0512d1e2\">\n\n<ol class=\"wp-block-list\">\n<li>Marko Peri\u0107, Ph.D., Full Professor, Dean &#8211; President of the Committee\n<ul class=\"wp-block-list\">\n<li>Marinela Krstini\u0107 Ni\u017ei\u0107, Ph.D., Full Professor, Dean &#8211; substitute member<\/li>\n<\/ul>\n<\/li>\n\n\n\n<li>Ana \u2013 Marija Vrtodu\u0161i\u0107 Hrgovi\u0107, Ph.D., Full Professor, Vice Dean for Academic Affairs \u2013 member\n<ul class=\"wp-block-list\">\n<li>Sini\u0161a Bogdan, Ph.D., Associate Professor &#8211; substitute member<\/li>\n<\/ul>\n<\/li>\n\n\n\n<li>Luka Vran\u010di\u0107, student \u2013 member\n<ul class=\"wp-block-list\">\n<li>Zoia Dimi\u0107, student &#8211; substitute member<\/li>\n<\/ul>\n<\/li>\n<\/ol>\n\n<\/div>\n\t\t<\/div>\n\n<div class=\"wp-block-ub-content-toggle-accordion\" style=\"border-color: #f1f1f1;\" id=\"ub-content-toggle-panel-block-1832b4a1-938b-4b02-a83e-616e7d57c275\">\n\t\t\t<div class=\"wp-block-ub-content-toggle-accordion-title-wrap\" style=\"background-color: #f1f1f1;\" aria-controls=\"ub-content-toggle-panel-9-fc4e8b96-b53d-4e20-8672-d82d0512d1e2\" tabindex=\"0\">\n\t\t\t<p class=\"wp-block-ub-content-toggle-accordion-title ub-content-toggle-title-fc4e8b96-b53d-4e20-8672-d82d0512d1e2\" style=\"color: #000000; \">Disciplinary committee for employees<\/p>\n\t\t\t<div class=\"wp-block-ub-content-toggle-accordion-toggle-wrap right\" style=\"color: #000000;\"><span class=\"wp-block-ub-content-toggle-accordion-state-indicator wp-block-ub-chevron-down\"><\/span><\/div>\n\t\t<\/div>\n\t\t\t<div role=\"region\" aria-expanded=\"false\" class=\"wp-block-ub-content-toggle-accordion-content-wrap ub-hide\" id=\"ub-content-toggle-panel-9-fc4e8b96-b53d-4e20-8672-d82d0512d1e2\">\n\n<ol class=\"wp-block-list\">\n<li>Goran Karanovi\u0107, Ph.D., Full Professor &#8211; President of the Committee\n<ul class=\"wp-block-list\">\n<li>Marija Ivani\u0161, Ph.D., Associate Professor &#8211; Vice President of the Committee<\/li>\n<\/ul>\n<\/li>\n\n\n\n<li>Lorena Ba\u0161an, Ph.D., Tenured Full Professor &#8211; full member\n<ul class=\"wp-block-list\">\n<li>Lidija Bagari\u0107, Ph.D., Associate Professor &#8211; substitute member<\/li>\n<\/ul>\n<\/li>\n\n\n\n<li>Ivana Licul, Ph.D., Senior Assistant &#8211; full member\n<ul class=\"wp-block-list\">\n<li>Natali Brmalj, Ph.D., Senior Assistant &#8211; substitute member<\/li>\n<\/ul>\n<\/li>\n\n\n\n<li>\u0110or\u0111e Glumac &#8211; full member\n<ul class=\"wp-block-list\">\n<li>Klaudija \u0160egota Cuculi\u0107  &#8211; substitute member<\/li>\n<\/ul>\n<\/li>\n\n\n\n<li>Romina Alkier, Ph.D., Full Professor &#8211; full member\n<ul class=\"wp-block-list\">\n<li>Tomislav Car, Ph.D., Associate Professor &#8211; substitute member<\/li>\n<\/ul>\n<\/li>\n<\/ol>\n\n<\/div>\n\t\t<\/div>\n\n<div class=\"wp-block-ub-content-toggle-accordion\" style=\"border-color: #f1f1f1;\" id=\"ub-content-toggle-panel-block-03de6024-b597-44ce-b84e-aded78f5d24e\">\n\t\t\t<div class=\"wp-block-ub-content-toggle-accordion-title-wrap\" style=\"background-color: #f1f1f1;\" aria-controls=\"ub-content-toggle-panel-10-fc4e8b96-b53d-4e20-8672-d82d0512d1e2\" tabindex=\"0\">\n\t\t\t<p class=\"wp-block-ub-content-toggle-accordion-title ub-content-toggle-title-fc4e8b96-b53d-4e20-8672-d82d0512d1e2\" style=\"color: #000000; \">Council for Gender Equality<\/p>\n\t\t\t<div class=\"wp-block-ub-content-toggle-accordion-toggle-wrap right\" style=\"color: #000000;\"><span class=\"wp-block-ub-content-toggle-accordion-state-indicator wp-block-ub-chevron-down\"><\/span><\/div>\n\t\t<\/div>\n\t\t\t<div role=\"region\" aria-expanded=\"false\" class=\"wp-block-ub-content-toggle-accordion-content-wrap ub-hide\" id=\"ub-content-toggle-panel-10-fc4e8b96-b53d-4e20-8672-d82d0512d1e2\">\n\n<ol class=\"wp-block-list\">\n<li>Romina Alkier, Ph.D., Full Professor \u2013 President of the Committee<\/li>\n\n\n\n<li>Natali Brubnjak \u2013 member<\/li>\n\n\n\n<li>Luka Vran\u010di\u0107, student \u2013 member<\/li>\n<\/ol>\n\n<\/div>\n\t\t<\/div>\n<\/div>","protected":false},"excerpt":{"rendered":"","protected":false},"author":4,"featured_media":0,"parent":8522,"menu_order":1,"comment_status":"closed","ping_status":"closed","template":"","meta":{"_acf_changed":false,"ub_ctt_via":"","footnotes":""},"class_list":["post-8543","page","type-page","status-publish","hentry"],"acf":[],"featured_image_src":null,"_links":{"self":[{"href":"https:\/\/fthm.uniri.hr\/en\/wp-json\/wp\/v2\/pages\/8543","targetHints":{"allow":["GET"]}}],"collection":[{"href":"https:\/\/fthm.uniri.hr\/en\/wp-json\/wp\/v2\/pages"}],"about":[{"href":"https:\/\/fthm.uniri.hr\/en\/wp-json\/wp\/v2\/types\/page"}],"author":[{"embeddable":true,"href":"https:\/\/fthm.uniri.hr\/en\/wp-json\/wp\/v2\/users\/4"}],"replies":[{"embeddable":true,"href":"https:\/\/fthm.uniri.hr\/en\/wp-json\/wp\/v2\/comments?post=8543"}],"version-history":[{"count":39,"href":"https:\/\/fthm.uniri.hr\/en\/wp-json\/wp\/v2\/pages\/8543\/revisions"}],"predecessor-version":[{"id":35190,"href":"https:\/\/fthm.uniri.hr\/en\/wp-json\/wp\/v2\/pages\/8543\/revisions\/35190"}],"up":[{"embeddable":true,"href":"https:\/\/fthm.uniri.hr\/en\/wp-json\/wp\/v2\/pages\/8522"}],"wp:attachment":[{"href":"https:\/\/fthm.uniri.hr\/en\/wp-json\/wp\/v2\/media?parent=8543"}],"curies":[{"name":"wp","href":"https:\/\/api.w.org\/{rel}","templated":true}]}}